{"id":641,"date":"2019-04-12T11:40:58","date_gmt":"2019-04-12T08:40:58","guid":{"rendered":"http:\/\/ofismavisehir.com\/?page_id=641"},"modified":"2020-01-09T15:33:00","modified_gmt":"2020-01-09T12:33:00","slug":"sanal-ofis-nedir","status":"publish","type":"page","link":"https:\/\/ofismavisehir.com\/en\/sanal-ofis-nedir\/","title":{"rendered":"Sanal Ofis Nedir?"},"content":{"rendered":"<div id=\"pl-641\"  class=\"panel-layout\" ><div id=\"pg-641-0\"  class=\"panel-grid panel-has-style\" ><div class=\"siteorigin-panels-stretch panel-row-style panel-row-style-for-641-0\" data-stretch-type=\"full-stretched\" ><div id=\"pgc-641-0-0\"  class=\"panel-grid-cell\" ><div id=\"panel-641-0-0-0\" class=\"so-panel widget widget_sow-editor panel-first-child panel-last-child\" data-index=\"0\" ><div\n\t\t\t\n\t\t\tclass=\"so-widget-sow-editor so-widget-sow-editor-base\"\n\t\t\t\n\t\t>\n<div class=\"siteorigin-widget-tinymce textwidget\">\n\t<h1 style=\"text-align: center;\"><span style=\"color: #ffffff;\"><strong><span style=\"color: #ffffff;\">What is Virtual Office?<\/span><\/strong><\/span><\/h1>\n<\/div>\n<\/div><\/div><\/div><\/div><\/div><div id=\"pg-641-1\"  class=\"panel-grid panel-has-style\" ><div class=\"siteorigin-panels-stretch panel-row-style panel-row-style-for-641-1\" data-stretch-type=\"full-stretched\" ><div id=\"pgc-641-1-0\"  class=\"panel-grid-cell\" ><div id=\"panel-641-1-0-0\" class=\"so-panel widget widget_sow-editor panel-first-child panel-last-child\" data-index=\"1\" ><div\n\t\t\t\n\t\t\tclass=\"so-widget-sow-editor so-widget-sow-editor-base\"\n\t\t\t\n\t\t>\n<div class=\"siteorigin-widget-tinymce textwidget\">\n\t<\/div>\n<\/div><\/div><\/div><div id=\"pgc-641-1-1\"  class=\"panel-grid-cell\" ><div id=\"panel-641-1-1-0\" class=\"so-panel widget widget_sow-editor panel-first-child panel-last-child\" data-index=\"2\" ><div\n\t\t\t\n\t\t\tclass=\"so-widget-sow-editor so-widget-sow-editor-base\"\n\t\t\t\n\t\t>\n<div class=\"siteorigin-widget-tinymce textwidget\">\n\t<p><img loading=\"lazy\" decoding=\"async\" class=\"wp-image-3857 aligncenter\" src=\"https:\/\/ofismavisehir.com\/wp-content\/uploads\/2019\/09\/ofis-mavi\u015fehir-sanal-haz\u0131r-kiral\u0131k-125-469-x-312-351-x-2343333.jpg\" alt=\"\" width=\"550\" height=\"367\" srcset=\"https:\/\/ofismavisehir.com\/wp-content\/uploads\/2019\/09\/ofis-mavi\u015fehir-sanal-haz\u0131r-kiral\u0131k-125-469-x-312-351-x-2343333.jpg 351w, https:\/\/ofismavisehir.com\/wp-content\/uploads\/2019\/09\/ofis-mavi\u015fehir-sanal-haz\u0131r-kiral\u0131k-125-469-x-312-351-x-2343333-300x200.jpg 300w, https:\/\/ofismavisehir.com\/wp-content\/uploads\/2019\/09\/ofis-mavi\u015fehir-sanal-haz\u0131r-kiral\u0131k-125-469-x-312-351-x-2343333-272x182.jpg 272w\" sizes=\"auto, (max-width: 550px) 100vw, 550px\" \/><\/p>\n<\/div>\n<\/div><\/div><\/div><div id=\"pgc-641-1-2\"  class=\"panel-grid-cell\" ><div id=\"panel-641-1-2-0\" class=\"so-panel widget widget_sow-editor panel-first-child panel-last-child\" data-index=\"3\" ><div\n\t\t\t\n\t\t\tclass=\"so-widget-sow-editor so-widget-sow-editor-base\"\n\t\t\t\n\t\t>\n<div class=\"siteorigin-widget-tinymce textwidget\">\n\t<p>&nbsp;<\/p>\n<p><span style=\"color: #000000;\">Virtual office is a service that enables you to benefit from office-related services and have your business' address in a prestigious place even dough you don't own a physical office.<\/span><\/p>\n<p><span style=\"color: #000000;\"><strong>Why should I choose virtual office?<\/strong><\/span><\/p>\n<p><span style=\"color: #000000;\">What if you are a freelancer or prefer working from home, but need a prestigious adress in order to amaze your customers? Well, our virtual office is what you are looking for. You don't need to rent a phsical office. With a little fee you can use our address as your own.<\/span><\/p>\n<\/div>\n<\/div><\/div><\/div><div id=\"pgc-641-1-3\"  class=\"panel-grid-cell\" ><div id=\"panel-641-1-3-0\" class=\"so-panel widget widget_sow-editor panel-first-child panel-last-child\" data-index=\"4\" ><div\n\t\t\t\n\t\t\tclass=\"so-widget-sow-editor so-widget-sow-editor-base\"\n\t\t\t\n\t\t>\n<div class=\"siteorigin-widget-tinymce textwidget\">\n\t<\/div>\n<\/div><\/div><\/div><\/div><\/div><\/div>","protected":false},"excerpt":{"rendered":"<p>What is Virtual Office? &nbsp; Virtual office is a service that enables you to benefit from office-related services and have your business&#8217; address in a prestigious place even dough you don&#8217;t own a physical office. Why should I choose virtual office? What if you are a freelancer or prefer working from home, but need a&hellip; <br \/> <a class=\"read-more\" href=\"https:\/\/ofismavisehir.com\/en\/sanal-ofis-nedir\/\">Read more<\/a><\/p>\n","protected":false},"author":3,"featured_media":0,"parent":0,"menu_order":0,"comment_status":"closed","ping_status":"closed","template":"pages\/compact.php","meta":{"footnotes":""},"class_list":["post-641","page","type-page","status-publish","hentry"],"_links":{"self":[{"href":"https:\/\/ofismavisehir.com\/en\/wp-json\/wp\/v2\/pages\/641","targetHints":{"allow":["GET"]}}],"collection":[{"href":"https:\/\/ofismavisehir.com\/en\/wp-json\/wp\/v2\/pages"}],"about":[{"href":"https:\/\/ofismavisehir.com\/en\/wp-json\/wp\/v2\/types\/page"}],"author":[{"embeddable":true,"href":"https:\/\/ofismavisehir.com\/en\/wp-json\/wp\/v2\/users\/3"}],"replies":[{"embeddable":true,"href":"https:\/\/ofismavisehir.com\/en\/wp-json\/wp\/v2\/comments?post=641"}],"version-history":[{"count":258,"href":"https:\/\/ofismavisehir.com\/en\/wp-json\/wp\/v2\/pages\/641\/revisions"}],"predecessor-version":[{"id":5542,"href":"https:\/\/ofismavisehir.com\/en\/wp-json\/wp\/v2\/pages\/641\/revisions\/5542"}],"wp:attachment":[{"href":"https:\/\/ofismavisehir.com\/en\/wp-json\/wp\/v2\/media?parent=641"}],"curies":[{"name":"wp","href":"https:\/\/api.w.org\/{rel}","templated":true}]}}