{"id":487,"date":"2019-03-27T17:22:48","date_gmt":"2019-03-27T14:22:48","guid":{"rendered":"http:\/\/ofismavisehir.com\/?page_id=487"},"modified":"2020-09-16T17:21:55","modified_gmt":"2020-09-16T14:21:55","slug":"paylasimli-ofis","status":"publish","type":"page","link":"https:\/\/ofismavisehir.com\/en\/paylasimli-ofis\/","title":{"rendered":"Payla\u015f\u0131ml\u0131 Ofis"},"content":{"rendered":"<div id=\"pl-487\"  class=\"panel-layout\" ><div id=\"pg-487-0\"  class=\"panel-grid panel-has-style\" ><div class=\"siteorigin-panels-stretch panel-row-style panel-row-style-for-487-0\" data-stretch-type=\"full-stretched\" ><div id=\"pgc-487-0-0\"  class=\"panel-grid-cell\" ><div id=\"panel-487-0-0-0\" class=\"so-panel widget widget_sow-editor panel-first-child panel-last-child\" data-index=\"0\" ><div\n\t\t\t\n\t\t\tclass=\"so-widget-sow-editor so-widget-sow-editor-base\"\n\t\t\t\n\t\t>\n<div class=\"siteorigin-widget-tinymce textwidget\">\n\t<h1 style=\"text-align: center;\"><span style=\"color: #ffffff;\"><strong><span style=\"color: #ffffff;\">Coworking Area<\/span><\/strong><\/span><\/h1>\n<\/div>\n<\/div><\/div><\/div><\/div><\/div><div id=\"pg-487-1\"  class=\"panel-grid panel-has-style\" ><div class=\"siteorigin-panels-stretch panel-row-style panel-row-style-for-487-1\" data-stretch-type=\"full-stretched\" ><div id=\"pgc-487-1-0\"  class=\"panel-grid-cell\" ><div id=\"panel-487-1-0-0\" class=\"so-panel widget widget_sow-editor panel-first-child panel-last-child\" data-index=\"1\" ><div\n\t\t\t\n\t\t\tclass=\"so-widget-sow-editor so-widget-sow-editor-base\"\n\t\t\t\n\t\t>\n<div class=\"siteorigin-widget-tinymce textwidget\">\n\t<p><img loading=\"lazy\" decoding=\"async\" class=\"alignright wp-image-2934\" src=\"https:\/\/ofismavisehir.com\/wp-content\/uploads\/2019\/09\/ofis-mavi\u015fehir-sanal-haz\u0131r-kiral\u0131k-29.jpg\" alt=\"\" width=\"550\" height=\"367\" \/><\/p>\n<\/div>\n<\/div><\/div><\/div><div id=\"pgc-487-1-1\"  class=\"panel-grid-cell\" ><div id=\"panel-487-1-1-0\" class=\"so-panel widget widget_sow-editor panel-first-child panel-last-child\" data-index=\"2\" ><div\n\t\t\t\n\t\t\tclass=\"so-widget-sow-editor so-widget-sow-editor-base\"\n\t\t\t\n\t\t>\n<div class=\"siteorigin-widget-tinymce textwidget\">\n\t<p><span style=\"color: #333333;\">Coworking is a office environment which is shared by people from different professions and companies. It is more economic than renting an instant office. This system allows you to rent as much desks as you want, and it allows you to rent it just in your working hours. In our Coworking Spaces you can collaborate with other people from different professions and socialize or exchange ideas with them.<\/span><\/p>\n<p><strong><span style=\"color: #000000;\">Which services do we offer:<\/span><\/strong><br \/>\n<span style=\"color: #333333;\">Flexible working hours<\/span><br \/>\n<span style=\"color: #333333;\">People who has the same dreams as you<\/span><br \/>\n<span style=\"color: #333333;\">A business address <\/span><br \/>\n<span style=\"color: #333333;\">Operational support<\/span><br \/>\n<span style=\"color: #333333;\">Phone line for your company.<\/span><br \/>\n<span style=\"color: #333333;\">Hot drinks, Secure, high speed WIFI, P<\/span><span style=\"color: #333333;\">rinter, scanner and copiers,\u00a0<\/span><br \/>\n<span style=\"color: #333333;\">Electricity, heat-cooling, furniture and decorations , <\/span><span style=\"color: #333333;\">Usage of meeting rooms<\/span><br \/>\n<span style=\"color: #333333;\">Consulting services for KOSGEB, financial advisor, etc<\/span><br \/>\n<span style=\"color: #333333;\">You pay once a month for everything, so you will know your expenses<\/span><\/p>\n<\/div>\n<\/div><\/div><\/div><\/div><\/div><div id=\"pg-487-2\"  class=\"panel-grid panel-has-style\" ><div class=\"siteorigin-panels-stretch panel-row-style panel-row-style-for-487-2\" data-stretch-type=\"full-stretched\" ><div id=\"pgc-487-2-0\"  class=\"panel-grid-cell\" ><div id=\"panel-487-2-0-0\" class=\"so-panel widget widget_sow-editor panel-first-child panel-last-child\" data-index=\"3\" ><div\n\t\t\t\n\t\t\tclass=\"so-widget-sow-editor so-widget-sow-editor-base\"\n\t\t\t\n\t\t>\n<div class=\"siteorigin-widget-tinymce textwidget\">\n\t<p><img loading=\"lazy\" decoding=\"async\" class=\"alignright wp-image-3160\" src=\"https:\/\/ofismavisehir.com\/wp-content\/uploads\/2019\/09\/ofis-mavi\u015fehir-sanal-haz\u0131r-kiral\u0131k-162.jpg\" alt=\"\" width=\"550\" height=\"367\" \/><\/p>\n<\/div>\n<\/div><\/div><\/div><div id=\"pgc-487-2-1\"  class=\"panel-grid-cell\" ><div id=\"panel-487-2-1-0\" class=\"so-panel widget widget_sow-editor panel-first-child panel-last-child\" data-index=\"4\" ><div\n\t\t\t\n\t\t\tclass=\"so-widget-sow-editor so-widget-sow-editor-base\"\n\t\t\t\n\t\t>\n<div class=\"siteorigin-widget-tinymce textwidget\">\n\t<p><img loading=\"lazy\" decoding=\"async\" class=\"alignleft wp-image-3158\" src=\"https:\/\/ofismavisehir.com\/wp-content\/uploads\/2019\/09\/ofis-mavi\u015fehir-sanal-haz\u0131r-kiral\u0131k-190.jpg\" alt=\"\" width=\"550\" height=\"366\" srcset=\"https:\/\/ofismavisehir.com\/wp-content\/uploads\/2019\/09\/ofis-mavi\u015fehir-sanal-haz\u0131r-kiral\u0131k-190.jpg 626w, https:\/\/ofismavisehir.com\/wp-content\/uploads\/2019\/09\/ofis-mavi\u015fehir-sanal-haz\u0131r-kiral\u0131k-190-300x200.jpg 300w, https:\/\/ofismavisehir.com\/wp-content\/uploads\/2019\/09\/ofis-mavi\u015fehir-sanal-haz\u0131r-kiral\u0131k-190-272x182.jpg 272w\" sizes=\"auto, (max-width: 550px) 100vw, 550px\" \/><\/p>\n<\/div>\n<\/div><\/div><\/div><\/div><\/div><\/div>","protected":false},"excerpt":{"rendered":"<p>Coworking Area Coworking is a office environment which is shared by people from different professions and companies. It is more economic than renting an instant office. This system allows you to rent as much desks as you want, and it allows you to rent it just in your working hours. In our Coworking Spaces you&hellip; <br \/> <a class=\"read-more\" href=\"https:\/\/ofismavisehir.com\/en\/paylasimli-ofis\/\">Read more<\/a><\/p>\n","protected":false},"author":1,"featured_media":0,"parent":0,"menu_order":0,"comment_status":"closed","ping_status":"closed","template":"pages\/compact.php","meta":{"footnotes":""},"class_list":["post-487","page","type-page","status-publish","hentry"],"_links":{"self":[{"href":"https:\/\/ofismavisehir.com\/en\/wp-json\/wp\/v2\/pages\/487","targetHints":{"allow":["GET"]}}],"collection":[{"href":"https:\/\/ofismavisehir.com\/en\/wp-json\/wp\/v2\/pages"}],"about":[{"href":"https:\/\/ofismavisehir.com\/en\/wp-json\/wp\/v2\/types\/page"}],"author":[{"embeddable":true,"href":"https:\/\/ofismavisehir.com\/en\/wp-json\/wp\/v2\/users\/1"}],"replies":[{"embeddable":true,"href":"https:\/\/ofismavisehir.com\/en\/wp-json\/wp\/v2\/comments?post=487"}],"version-history":[{"count":261,"href":"https:\/\/ofismavisehir.com\/en\/wp-json\/wp\/v2\/pages\/487\/revisions"}],"predecessor-version":[{"id":5676,"href":"https:\/\/ofismavisehir.com\/en\/wp-json\/wp\/v2\/pages\/487\/revisions\/5676"}],"wp:attachment":[{"href":"https:\/\/ofismavisehir.com\/en\/wp-json\/wp\/v2\/media?parent=487"}],"curies":[{"name":"wp","href":"https:\/\/api.w.org\/{rel}","templated":true}]}}