{"id":249,"date":"2019-02-17T17:40:53","date_gmt":"2019-02-17T14:40:53","guid":{"rendered":"http:\/\/ofismavisehir.com\/?page_id=249"},"modified":"2020-08-18T16:28:35","modified_gmt":"2020-08-18T13:28:35","slug":"galeri","status":"publish","type":"page","link":"https:\/\/ofismavisehir.com\/en\/galeri\/","title":{"rendered":"Galeri | haz\u0131r ofis, payla\u015f\u0131ml\u0131 ofis, ortak ofis, sanal ofis, manisa, ayd\u0131n, denizli, bursa, ankara, adana, istanbul, u\u015fak, afyon, konya, antalya, gaziantep, yasal adres"},"content":{"rendered":"<div id=\"pl-249\"  class=\"panel-layout\" ><div id=\"pg-249-0\"  class=\"panel-grid panel-has-style\" ><div class=\"siteorigin-panels-stretch panel-row-style panel-row-style-for-249-0\" data-stretch-type=\"full-stretched\" ><div id=\"pgc-249-0-0\"  class=\"panel-grid-cell panel-grid-cell-empty\" ><\/div><div id=\"pgc-249-0-1\"  class=\"panel-grid-cell panel-grid-cell-mobile-last\" ><div id=\"panel-249-0-1-0\" class=\"so-panel widget widget_sow-editor panel-first-child panel-last-child\" data-index=\"0\" ><div\n\t\t\t\n\t\t\tclass=\"so-widget-sow-editor so-widget-sow-editor-base\"\n\t\t\t\n\t\t>\n<div class=\"siteorigin-widget-tinymce textwidget\">\n\t<h1 style=\"text-align: center;\"><strong><span style=\"color: #ffffff;\">Gallery<\/span><\/strong><\/h1>\n<\/div>\n<\/div><\/div><\/div><div id=\"pgc-249-0-2\"  class=\"panel-grid-cell panel-grid-cell-empty\" ><\/div><\/div><\/div><div id=\"pg-249-1\"  class=\"panel-grid panel-has-style\" ><div class=\"siteorigin-panels-stretch panel-row-style panel-row-style-for-249-1\" data-stretch-type=\"full-stretched\" ><div id=\"pgc-249-1-0\"  class=\"panel-grid-cell\" ><div id=\"panel-249-1-0-0\" class=\"so-panel widget widget_sow-editor panel-first-child panel-last-child\" data-index=\"1\" ><div\n\t\t\t\n\t\t\tclass=\"so-widget-sow-editor so-widget-sow-editor-base\"\n\t\t\t\n\t\t>\n<div class=\"siteorigin-widget-tinymce textwidget\">\n\t<p style=\"text-align: center;\"><img loading=\"lazy\" decoding=\"async\" class=\"wp-image-4709 aligncenter\" src=\"https:\/\/ofismavisehir.com\/wp-content\/uploads\/2019\/10\/ofis-mavi\u015fehir-kiral\u0131k-haz\u0131r-sanal-5555-e1570792389775.jpg\" alt=\"\" width=\"370\" height=\"278\" \/><\/p>\n<\/div>\n<\/div><\/div><\/div><div id=\"pgc-249-1-1\"  class=\"panel-grid-cell\" ><div id=\"panel-249-1-1-0\" class=\"so-panel widget widget_sow-editor panel-first-child panel-last-child\" data-index=\"2\" ><div\n\t\t\t\n\t\t\tclass=\"so-widget-sow-editor so-widget-sow-editor-base\"\n\t\t\t\n\t\t>\n<div class=\"siteorigin-widget-tinymce textwidget\">\n\t<p><a href=\"https:\/\/ofismavisehir.com\/wp-content\/uploads\/2019\/06\/ofis-mavi\u015fehir-sanal-haz\u0131r-kiralama-115331.jpg\" rel=\"lightbox[249]\"><img loading=\"lazy\" decoding=\"async\" class=\"aligncenter wp-image-1529\" src=\"https:\/\/ofismavisehir.com\/wp-content\/uploads\/2019\/06\/ofis-mavi\u015fehir-sanal-haz\u0131r-kiralama-115331-300x225.jpg\" alt=\"\" width=\"370\" height=\"278\" srcset=\"https:\/\/ofismavisehir.com\/wp-content\/uploads\/2019\/06\/ofis-mavi\u015fehir-sanal-haz\u0131r-kiralama-115331-300x225.jpg 300w, https:\/\/ofismavisehir.com\/wp-content\/uploads\/2019\/06\/ofis-mavi\u015fehir-sanal-haz\u0131r-kiralama-115331-768x576.jpg 768w, https:\/\/ofismavisehir.com\/wp-content\/uploads\/2019\/06\/ofis-mavi\u015fehir-sanal-haz\u0131r-kiralama-115331-1024x768.jpg 1024w, https:\/\/ofismavisehir.com\/wp-content\/uploads\/2019\/06\/ofis-mavi\u015fehir-sanal-haz\u0131r-kiralama-115331.jpg 1600w\" sizes=\"auto, (max-width: 370px) 100vw, 370px\" \/><\/a><\/p>\n<\/div>\n<\/div><\/div><\/div><div id=\"pgc-249-1-2\"  class=\"panel-grid-cell\" ><div id=\"panel-249-1-2-0\" class=\"so-panel widget widget_sow-editor panel-first-child panel-last-child\" data-index=\"3\" ><div\n\t\t\t\n\t\t\tclass=\"so-widget-sow-editor so-widget-sow-editor-base\"\n\t\t\t\n\t\t>\n<div class=\"siteorigin-widget-tinymce textwidget\">\n\t<p><a href=\"https:\/\/ofismavisehir.com\/wp-content\/uploads\/2019\/07\/ofis-mavi\u015fehir-sanal-haz\u0131r-kiralama-4566465454.jpg\" rel=\"lightbox[249]\"><img loading=\"lazy\" decoding=\"async\" class=\"aligncenter wp-image-1690\" src=\"https:\/\/ofismavisehir.com\/wp-content\/uploads\/2019\/07\/ofis-mavi\u015fehir-sanal-haz\u0131r-kiralama-4566465454-300x225.jpg\" alt=\"\" width=\"370\" height=\"278\" \/><\/a><\/p>\n<\/div>\n<\/div><\/div><\/div><\/div><\/div><div id=\"pg-249-2\"  class=\"panel-grid panel-has-style\" ><div class=\"siteorigin-panels-stretch panel-row-style panel-row-style-for-249-2\" data-stretch-type=\"full-stretched\" ><div id=\"pgc-249-2-0\"  class=\"panel-grid-cell\" ><div id=\"panel-249-2-0-0\" class=\"so-panel widget widget_sow-editor panel-first-child panel-last-child\" data-index=\"4\" ><div\n\t\t\t\n\t\t\tclass=\"so-widget-sow-editor so-widget-sow-editor-base\"\n\t\t\t\n\t\t>\n<div class=\"siteorigin-widget-tinymce textwidget\">\n\t<p><img loading=\"lazy\" decoding=\"async\" class=\"aligncenter wp-image-3708\" src=\"https:\/\/ofismavisehir.com\/wp-content\/uploads\/2019\/09\/ofis-mavi\u015fehir-sanal-haz\u0131r-kiral\u0131k-165-300x200.jpg\" alt=\"\" width=\"370\" height=\"246\" srcset=\"https:\/\/ofismavisehir.com\/wp-content\/uploads\/2019\/09\/ofis-mavi\u015fehir-sanal-haz\u0131r-kiral\u0131k-165-300x200.jpg 300w, https:\/\/ofismavisehir.com\/wp-content\/uploads\/2019\/09\/ofis-mavi\u015fehir-sanal-haz\u0131r-kiral\u0131k-165-272x182.jpg 272w, https:\/\/ofismavisehir.com\/wp-content\/uploads\/2019\/09\/ofis-mavi\u015fehir-sanal-haz\u0131r-kiral\u0131k-165.jpg 626w\" sizes=\"auto, (max-width: 370px) 100vw, 370px\" \/><\/p>\n<\/div>\n<\/div><\/div><\/div><div id=\"pgc-249-2-1\"  class=\"panel-grid-cell\" ><div id=\"panel-249-2-1-0\" class=\"so-panel widget widget_sow-editor panel-first-child panel-last-child\" data-index=\"5\" ><div\n\t\t\t\n\t\t\tclass=\"so-widget-sow-editor so-widget-sow-editor-base\"\n\t\t\t\n\t\t>\n<div class=\"siteorigin-widget-tinymce textwidget\">\n\t<p><img loading=\"lazy\" decoding=\"async\" class=\"wp-image-2956 aligncenter\" src=\"https:\/\/ofismavisehir.com\/wp-content\/uploads\/2019\/09\/ofis-mavi\u015fehir-sanal-haz\u0131r-kiral\u0131k-121.jpg\" alt=\"\" width=\"370\" height=\"246\" srcset=\"https:\/\/ofismavisehir.com\/wp-content\/uploads\/2019\/09\/ofis-mavi\u015fehir-sanal-haz\u0131r-kiral\u0131k-121.jpg 626w, https:\/\/ofismavisehir.com\/wp-content\/uploads\/2019\/09\/ofis-mavi\u015fehir-sanal-haz\u0131r-kiral\u0131k-121-300x200.jpg 300w, https:\/\/ofismavisehir.com\/wp-content\/uploads\/2019\/09\/ofis-mavi\u015fehir-sanal-haz\u0131r-kiral\u0131k-121-272x182.jpg 272w\" sizes=\"auto, (max-width: 370px) 100vw, 370px\" \/><\/p>\n<\/div>\n<\/div><\/div><\/div><div id=\"pgc-249-2-2\"  class=\"panel-grid-cell\" ><div id=\"panel-249-2-2-0\" class=\"so-panel widget widget_sow-editor panel-first-child panel-last-child\" data-index=\"6\" ><div\n\t\t\t\n\t\t\tclass=\"so-widget-sow-editor so-widget-sow-editor-base\"\n\t\t\t\n\t\t>\n<div class=\"siteorigin-widget-tinymce textwidget\">\n\t<p><img loading=\"lazy\" decoding=\"async\" class=\"wp-image-3216 aligncenter\" src=\"https:\/\/ofismavisehir.com\/wp-content\/uploads\/2019\/09\/ofis-mavi\u015fehir-sanal-haz\u0131r-kiral\u0131k-84-e1570792555506.jpg\" alt=\"\" width=\"370\" height=\"247\" \/><\/p>\n<\/div>\n<\/div><\/div><\/div><\/div><\/div><div id=\"pg-249-3\"  class=\"panel-grid panel-has-style\" ><div class=\"siteorigin-panels-stretch panel-row-style panel-row-style-for-249-3\" data-stretch-type=\"full-stretched\" ><div id=\"pgc-249-3-0\"  class=\"panel-grid-cell\" ><div id=\"panel-249-3-0-0\" class=\"so-panel widget widget_sow-editor panel-first-child panel-last-child\" data-index=\"7\" ><div\n\t\t\t\n\t\t\tclass=\"so-widget-sow-editor so-widget-sow-editor-base\"\n\t\t\t\n\t\t>\n<div class=\"siteorigin-widget-tinymce textwidget\">\n\t<p><img loading=\"lazy\" decoding=\"async\" class=\"wp-image-3871 aligncenter\" src=\"https:\/\/ofismavisehir.com\/wp-content\/uploads\/2019\/09\/ofis-mavi\u015fehir-sanal-haz\u0131r-kiral\u0131k-62.jpg\" alt=\"\" width=\"370\" height=\"246\" srcset=\"https:\/\/ofismavisehir.com\/wp-content\/uploads\/2019\/09\/ofis-mavi\u015fehir-sanal-haz\u0131r-kiral\u0131k-62.jpg 626w, https:\/\/ofismavisehir.com\/wp-content\/uploads\/2019\/09\/ofis-mavi\u015fehir-sanal-haz\u0131r-kiral\u0131k-62-300x200.jpg 300w, https:\/\/ofismavisehir.com\/wp-content\/uploads\/2019\/09\/ofis-mavi\u015fehir-sanal-haz\u0131r-kiral\u0131k-62-272x182.jpg 272w\" sizes=\"auto, (max-width: 370px) 100vw, 370px\" \/><\/p>\n<\/div>\n<\/div><\/div><\/div><div id=\"pgc-249-3-1\"  class=\"panel-grid-cell\" ><div id=\"panel-249-3-1-0\" class=\"so-panel widget widget_sow-editor panel-first-child panel-last-child\" data-index=\"8\" ><div\n\t\t\t\n\t\t\tclass=\"so-widget-sow-editor so-widget-sow-editor-base\"\n\t\t\t\n\t\t>\n<div class=\"siteorigin-widget-tinymce textwidget\">\n\t<p><img loading=\"lazy\" decoding=\"async\" class=\"wp-image-3713 aligncenter\" src=\"https:\/\/ofismavisehir.com\/wp-content\/uploads\/2019\/09\/ofis-mavi\u015fehir-sanal-haz\u0131r-kiral\u0131k-21-e1570715073438.jpg\" alt=\"\" width=\"370\" height=\"247\" \/><\/p>\n<\/div>\n<\/div><\/div><\/div><div id=\"pgc-249-3-2\"  class=\"panel-grid-cell\" ><div id=\"panel-249-3-2-0\" class=\"so-panel widget widget_sow-editor panel-first-child panel-last-child\" data-index=\"9\" ><div\n\t\t\t\n\t\t\tclass=\"so-widget-sow-editor so-widget-sow-editor-base\"\n\t\t\t\n\t\t>\n<div class=\"siteorigin-widget-tinymce textwidget\">\n\t<p><img loading=\"lazy\" decoding=\"async\" class=\"aligncenter wp-image-3877\" src=\"https:\/\/ofismavisehir.com\/wp-content\/uploads\/2019\/09\/ofis-mavi\u015fehir-seminer-toplant\u0131-salonu.jpg\" alt=\"\" width=\"370\" height=\"247\" srcset=\"https:\/\/ofismavisehir.com\/wp-content\/uploads\/2019\/09\/ofis-mavi\u015fehir-seminer-toplant\u0131-salonu.jpg 960w, https:\/\/ofismavisehir.com\/wp-content\/uploads\/2019\/09\/ofis-mavi\u015fehir-seminer-toplant\u0131-salonu-300x200.jpg 300w, https:\/\/ofismavisehir.com\/wp-content\/uploads\/2019\/09\/ofis-mavi\u015fehir-seminer-toplant\u0131-salonu-768x512.jpg 768w, https:\/\/ofismavisehir.com\/wp-content\/uploads\/2019\/09\/ofis-mavi\u015fehir-seminer-toplant\u0131-salonu-272x182.jpg 272w\" sizes=\"auto, (max-width: 370px) 100vw, 370px\" \/><\/p>\n<\/div>\n<\/div><\/div><\/div><\/div><\/div><div id=\"pg-249-4\"  class=\"panel-grid panel-has-style\" ><div class=\"siteorigin-panels-stretch panel-row-style panel-row-style-for-249-4\" data-stretch-type=\"full-stretched\" ><div id=\"pgc-249-4-0\"  class=\"panel-grid-cell\" ><div id=\"panel-249-4-0-0\" class=\"so-panel widget widget_sow-editor panel-first-child panel-last-child\" data-index=\"10\" ><div\n\t\t\t\n\t\t\tclass=\"so-widget-sow-editor so-widget-sow-editor-base\"\n\t\t\t\n\t\t>\n<div class=\"siteorigin-widget-tinymce textwidget\">\n\t<p><img loading=\"lazy\" decoding=\"async\" class=\"aligncenter wp-image-1545\" src=\"https:\/\/ofismavisehir.com\/wp-content\/uploads\/2019\/06\/ofis-mavi\u015fehir-sanal-haz\u0131r-kiralama-8715644-230x300.jpg\" alt=\"\" width=\"370\" height=\"483\" srcset=\"https:\/\/ofismavisehir.com\/wp-content\/uploads\/2019\/06\/ofis-mavi\u015fehir-sanal-haz\u0131r-kiralama-8715644-230x300.jpg 230w, https:\/\/ofismavisehir.com\/wp-content\/uploads\/2019\/06\/ofis-mavi\u015fehir-sanal-haz\u0131r-kiralama-8715644-768x1003.jpg 768w, https:\/\/ofismavisehir.com\/wp-content\/uploads\/2019\/06\/ofis-mavi\u015fehir-sanal-haz\u0131r-kiralama-8715644.jpg 784w\" sizes=\"auto, (max-width: 370px) 100vw, 370px\" \/><\/p>\n<\/div>\n<\/div><\/div><\/div><div id=\"pgc-249-4-1\"  class=\"panel-grid-cell\" ><div id=\"panel-249-4-1-0\" class=\"so-panel widget widget_sow-editor panel-first-child panel-last-child\" data-index=\"11\" ><div\n\t\t\t\n\t\t\tclass=\"so-widget-sow-editor so-widget-sow-editor-base\"\n\t\t\t\n\t\t>\n<div class=\"siteorigin-widget-tinymce textwidget\">\n\t<p><a href=\"https:\/\/ofismavisehir.com\/wp-content\/uploads\/2019\/06\/ofis-mavi\u015fehir-sanal-haz\u0131r-kiralama-546546.jpg\" rel=\"lightbox[249]\"><img loading=\"lazy\" decoding=\"async\" class=\"aligncenter wp-image-1490\" src=\"https:\/\/ofismavisehir.com\/wp-content\/uploads\/2019\/06\/ofis-mavi\u015fehir-sanal-haz\u0131r-kiralama-546546-225x300.jpg\" alt=\"Ofis Mavi\u015fehir, Sanal Ofis, Sanal Ofis \u0130zmir, Haz\u0131r Ofis \u0130zmir, Ofis Kiralama, Payla\u015f\u0131ml\u0131 Ofis, Toplant\u0131 Salonu \u0130zmir, Seminer Salonu \u0130zmir, Co-working Space,\" width=\"370\" height=\"493\" \/><\/a><\/p>\n<\/div>\n<\/div><\/div><\/div><div id=\"pgc-249-4-2\"  class=\"panel-grid-cell\" ><div id=\"panel-249-4-2-0\" class=\"so-panel widget widget_sow-editor panel-first-child panel-last-child\" data-index=\"12\" ><div\n\t\t\t\n\t\t\tclass=\"so-widget-sow-editor so-widget-sow-editor-base\"\n\t\t\t\n\t\t>\n<div class=\"siteorigin-widget-tinymce textwidget\">\n\t<p><img loading=\"lazy\" decoding=\"async\" class=\"wp-image-4706 aligncenter\" src=\"https:\/\/ofismavisehir.com\/wp-content\/uploads\/2019\/10\/ofis-mavi\u015fehir-sanal-haz\u0131r-kiralama-1-50-e1570791521302.jpg\" alt=\"\" width=\"370\" height=\"493\" \/><\/p>\n<\/div>\n<\/div><\/div><\/div><\/div><\/div><\/div>","protected":false},"excerpt":{"rendered":"<p>Gallery<\/p>\n","protected":false},"author":1,"featured_media":0,"parent":0,"menu_order":0,"comment_status":"closed","ping_status":"closed","template":"pages\/compact.php","meta":{"footnotes":""},"class_list":["post-249","page","type-page","status-publish","hentry"],"_links":{"self":[{"href":"https:\/\/ofismavisehir.com\/en\/wp-json\/wp\/v2\/pages\/249","targetHints":{"allow":["GET"]}}],"collection":[{"href":"https:\/\/ofismavisehir.com\/en\/wp-json\/wp\/v2\/pages"}],"about":[{"href":"https:\/\/ofismavisehir.com\/en\/wp-json\/wp\/v2\/types\/page"}],"author":[{"embeddable":true,"href":"https:\/\/ofismavisehir.com\/en\/wp-json\/wp\/v2\/users\/1"}],"replies":[{"embeddable":true,"href":"https:\/\/ofismavisehir.com\/en\/wp-json\/wp\/v2\/comments?post=249"}],"version-history":[{"count":282,"href":"https:\/\/ofismavisehir.com\/en\/wp-json\/wp\/v2\/pages\/249\/revisions"}],"predecessor-version":[{"id":410,"href":"https:\/\/ofismavisehir.com\/en\/wp-json\/wp\/v2\/pages\/249\/revisions\/410"}],"wp:attachment":[{"href":"https:\/\/ofismavisehir.com\/en\/wp-json\/wp\/v2\/media?parent=249"}],"curies":[{"name":"wp","href":"https:\/\/api.w.org\/{rel}","templated":true}]}}