{"id":247,"date":"2019-02-17T17:35:57","date_gmt":"2019-02-17T14:35:57","guid":{"rendered":"http:\/\/ofismavisehir.com\/?page_id=247"},"modified":"2020-01-09T15:16:09","modified_gmt":"2020-01-09T12:16:09","slug":"toplanti-odasi","status":"publish","type":"page","link":"https:\/\/ofismavisehir.com\/en\/toplanti-odasi\/","title":{"rendered":"Toplant\u0131 Odas\u0131"},"content":{"rendered":"<div id=\"pl-247\"  class=\"panel-layout\" ><div id=\"pg-247-0\"  class=\"panel-grid panel-has-style\" ><div class=\"siteorigin-panels-stretch panel-row-style panel-row-style-for-247-0\" data-stretch-type=\"full-stretched\" ><div id=\"pgc-247-0-0\"  class=\"panel-grid-cell\" ><div id=\"panel-247-0-0-0\" class=\"so-panel widget widget_sow-editor panel-first-child panel-last-child\" data-index=\"0\" ><div\n\t\t\t\n\t\t\tclass=\"so-widget-sow-editor so-widget-sow-editor-base\"\n\t\t\t\n\t\t>\n<div class=\"siteorigin-widget-tinymce textwidget\">\n\t<h1 style=\"text-align: center;\"><span style=\"color: #ffffff;\"><strong><span style=\"color: #ffffff;\">Meeting Rooms<\/span><\/strong><\/span><\/h1>\n<\/div>\n<\/div><\/div><\/div><\/div><\/div><div id=\"pg-247-1\"  class=\"panel-grid panel-has-style\" ><div class=\"siteorigin-panels-stretch panel-row-style panel-row-style-for-247-1\" data-stretch-type=\"full-stretched\" ><div id=\"pgc-247-1-0\"  class=\"panel-grid-cell\" ><div id=\"panel-247-1-0-0\" class=\"so-panel widget widget_sow-editor panel-first-child panel-last-child\" data-index=\"1\" ><div\n\t\t\t\n\t\t\tclass=\"so-widget-sow-editor so-widget-sow-editor-base\"\n\t\t\t\n\t\t>\n<div class=\"siteorigin-widget-tinymce textwidget\">\n\t<p><img loading=\"lazy\" decoding=\"async\" class=\"alignright wp-image-3010\" src=\"https:\/\/ofismavisehir.com\/wp-content\/uploads\/2019\/09\/ofis-mavi\u015fehir-sanal-haz\u0131r-kiral\u0131k-35.jpg\" alt=\"\" width=\"550\" height=\"366\" srcset=\"https:\/\/ofismavisehir.com\/wp-content\/uploads\/2019\/09\/ofis-mavi\u015fehir-sanal-haz\u0131r-kiral\u0131k-35.jpg 626w, https:\/\/ofismavisehir.com\/wp-content\/uploads\/2019\/09\/ofis-mavi\u015fehir-sanal-haz\u0131r-kiral\u0131k-35-300x200.jpg 300w, https:\/\/ofismavisehir.com\/wp-content\/uploads\/2019\/09\/ofis-mavi\u015fehir-sanal-haz\u0131r-kiral\u0131k-35-272x182.jpg 272w\" sizes=\"auto, (max-width: 550px) 100vw, 550px\" \/><\/p>\n<\/div>\n<\/div><\/div><\/div><div id=\"pgc-247-1-1\"  class=\"panel-grid-cell\" ><div id=\"panel-247-1-1-0\" class=\"so-panel widget widget_sow-editor panel-first-child panel-last-child\" data-index=\"2\" ><div\n\t\t\t\n\t\t\tclass=\"so-widget-sow-editor so-widget-sow-editor-base\"\n\t\t\t\n\t\t>\n<div class=\"siteorigin-widget-tinymce textwidget\">\n\t<p><span style=\"color: #333333;\">Meetings are the most important thing in business life. <\/span><\/p>\n<p><span style=\"color: #333333;\">Moreover the place where you make your meetings are as <\/span><\/p>\n<p><span style=\"color: #333333;\">important as the content of it. Our meeting room helps <\/span><\/p>\n<p><span style=\"color: #333333;\">you<\/span><span style=\"color: #333333;\"> to amaze your customers and can hold 10 person at a time. <\/span><\/p>\n<p><span style=\"color: #333333;\">The meeting room can be rented hourly, daily or monthly.<\/span><\/p>\n<\/div>\n<\/div><\/div><\/div><\/div><\/div><\/div>","protected":false},"excerpt":{"rendered":"<p>Meeting Rooms Meetings are the most important thing in business life. Moreover the place where you make your meetings are as important as the content of it. Our meeting room helps you to amaze your customers and can hold 10 person at a time. The meeting room can be rented hourly, daily or monthly.<\/p>\n","protected":false},"author":1,"featured_media":0,"parent":0,"menu_order":0,"comment_status":"closed","ping_status":"closed","template":"pages\/compact.php","meta":{"footnotes":""},"class_list":["post-247","page","type-page","status-publish","hentry"],"_links":{"self":[{"href":"https:\/\/ofismavisehir.com\/en\/wp-json\/wp\/v2\/pages\/247","targetHints":{"allow":["GET"]}}],"collection":[{"href":"https:\/\/ofismavisehir.com\/en\/wp-json\/wp\/v2\/pages"}],"about":[{"href":"https:\/\/ofismavisehir.com\/en\/wp-json\/wp\/v2\/types\/page"}],"author":[{"embeddable":true,"href":"https:\/\/ofismavisehir.com\/en\/wp-json\/wp\/v2\/users\/1"}],"replies":[{"embeddable":true,"href":"https:\/\/ofismavisehir.com\/en\/wp-json\/wp\/v2\/comments?post=247"}],"version-history":[{"count":159,"href":"https:\/\/ofismavisehir.com\/en\/wp-json\/wp\/v2\/pages\/247\/revisions"}],"predecessor-version":[{"id":5540,"href":"https:\/\/ofismavisehir.com\/en\/wp-json\/wp\/v2\/pages\/247\/revisions\/5540"}],"wp:attachment":[{"href":"https:\/\/ofismavisehir.com\/en\/wp-json\/wp\/v2\/media?parent=247"}],"curies":[{"name":"wp","href":"https:\/\/api.w.org\/{rel}","templated":true}]}}