{"id":243,"date":"2019-02-17T17:33:13","date_gmt":"2019-02-17T14:33:13","guid":{"rendered":"http:\/\/ofismavisehir.com\/?page_id=243"},"modified":"2020-08-14T15:15:23","modified_gmt":"2020-08-14T12:15:23","slug":"hazir-ofis","status":"publish","type":"page","link":"https:\/\/ofismavisehir.com\/en\/hazir-ofis\/","title":{"rendered":"Haz\u0131r Ofis"},"content":{"rendered":"<div id=\"pl-243\"  class=\"panel-layout\" ><div id=\"pg-243-0\"  class=\"panel-grid panel-has-style\" ><div class=\"siteorigin-panels-stretch panel-row-style panel-row-style-for-243-0\" data-stretch-type=\"full-stretched\" ><div id=\"pgc-243-0-0\"  class=\"panel-grid-cell\" ><div id=\"panel-243-0-0-0\" class=\"so-panel widget widget_sow-editor panel-first-child panel-last-child\" data-index=\"0\" ><div\n\t\t\t\n\t\t\tclass=\"so-widget-sow-editor so-widget-sow-editor-base\"\n\t\t\t\n\t\t>\n<div class=\"siteorigin-widget-tinymce textwidget\">\n\t<h1 style=\"text-align: center;\"><strong><span style=\"color: #000000;\"><span style=\"color: #ffffff;\">Instant Office<\/span><\/span><\/strong><\/h1>\n<\/div>\n<\/div><\/div><\/div><\/div><\/div><div id=\"pg-243-1\"  class=\"panel-grid panel-has-style\" ><div class=\"siteorigin-panels-stretch panel-row-style panel-row-style-for-243-1\" data-stretch-type=\"full-stretched\" ><div id=\"pgc-243-1-0\"  class=\"panel-grid-cell\" ><div id=\"panel-243-1-0-0\" class=\"so-panel widget widget_sow-editor panel-first-child\" data-index=\"1\" ><div\n\t\t\t\n\t\t\tclass=\"so-widget-sow-editor so-widget-sow-editor-base\"\n\t\t\t\n\t\t>\n<div class=\"siteorigin-widget-tinymce textwidget\">\n\t<p>&nbsp;<\/p>\n<p style=\"text-align: left;\"><span style=\"color: #000000;\">If you are starting a new business or your current office is too far away from your customers and uncomfortable; Izmir Ofis Mavisehir is for you.<\/span><\/p>\n<p><img loading=\"lazy\" decoding=\"async\" class=\"aligncenter wp-image-2683\" src=\"https:\/\/ofismavisehir.com\/wp-content\/uploads\/2019\/09\/izmir-ofis-mavi\u015fehir-haz\u0131r-sanal-11.jpg\" alt=\"\" width=\"240\" height=\"224\" srcset=\"https:\/\/ofismavisehir.com\/wp-content\/uploads\/2019\/09\/izmir-ofis-mavi\u015fehir-haz\u0131r-sanal-11.jpg 365w, https:\/\/ofismavisehir.com\/wp-content\/uploads\/2019\/09\/izmir-ofis-mavi\u015fehir-haz\u0131r-sanal-11-300x279.jpg 300w\" sizes=\"auto, (max-width: 240px) 100vw, 240px\" \/><\/p>\n<\/div>\n<\/div><\/div><div id=\"panel-243-1-0-1\" class=\"so-panel widget widget_sow-editor panel-last-child\" data-index=\"2\" ><div\n\t\t\t\n\t\t\tclass=\"so-widget-sow-editor so-widget-sow-editor-base\"\n\t\t\t\n\t\t>\n<div class=\"siteorigin-widget-tinymce textwidget\">\n\t<p>&nbsp;<\/p>\n<p style=\"text-align: left;\"><span style=\"color: #000000;\">Let us deal with the new office installation, stoppage, internet, electricity, water, heating-cooling, tea-coffee, cleaning, secretarial expenses and workload, so you can focus better on your work.<\/span><\/p>\n<p><span style=\"color: #000000;\">Fix your expenses with Izmir Office Mavi\u015fehir Instant Offices, fully equipped and the <\/span><span style=\"color: #000000;\">most appropriate options for your budget. Don't waste your time, have more time to spend with your family and on <\/span><span style=\"color: #000000;\">yourself.<\/span><\/p>\n<p>&nbsp;<\/p>\n<\/div>\n<\/div><\/div><\/div><div id=\"pgc-243-1-1\"  class=\"panel-grid-cell\" ><div id=\"panel-243-1-1-0\" class=\"so-panel widget widget_sow-editor panel-first-child\" data-index=\"3\" ><div\n\t\t\t\n\t\t\tclass=\"so-widget-sow-editor so-widget-sow-editor-base\"\n\t\t\t\n\t\t>\n<div class=\"siteorigin-widget-tinymce textwidget\">\n\t<p><img loading=\"lazy\" decoding=\"async\" class=\"alignleft wp-image-2626\" src=\"https:\/\/ofismavisehir.com\/wp-content\/uploads\/2019\/09\/ofis-mavi\u015fehir-sanal-haz\u0131r-kiral\u0131k-137.jpg\" alt=\"\" width=\"550\" height=\"366\" srcset=\"https:\/\/ofismavisehir.com\/wp-content\/uploads\/2019\/09\/ofis-mavi\u015fehir-sanal-haz\u0131r-kiral\u0131k-137.jpg 626w, https:\/\/ofismavisehir.com\/wp-content\/uploads\/2019\/09\/ofis-mavi\u015fehir-sanal-haz\u0131r-kiral\u0131k-137-300x200.jpg 300w, https:\/\/ofismavisehir.com\/wp-content\/uploads\/2019\/09\/ofis-mavi\u015fehir-sanal-haz\u0131r-kiral\u0131k-137-272x182.jpg 272w\" sizes=\"auto, (max-width: 550px) 100vw, 550px\" \/><\/p>\n<\/div>\n<\/div><\/div><div id=\"panel-243-1-1-1\" class=\"so-panel widget widget_sow-editor panel-last-child\" data-index=\"4\" ><div\n\t\t\t\n\t\t\tclass=\"so-widget-sow-editor so-widget-sow-editor-base\"\n\t\t\t\n\t\t>\n<div class=\"siteorigin-widget-tinymce textwidget\">\n\t<p><img loading=\"lazy\" decoding=\"async\" class=\"alignleft wp-image-2710\" src=\"https:\/\/ofismavisehir.com\/wp-content\/uploads\/2019\/09\/ofis-mavi\u015fehir-sanal-haz\u0131r-kiral\u0131k-180.jpg\" alt=\"\" width=\"550\" height=\"366\" srcset=\"https:\/\/ofismavisehir.com\/wp-content\/uploads\/2019\/09\/ofis-mavi\u015fehir-sanal-haz\u0131r-kiral\u0131k-180.jpg 626w, https:\/\/ofismavisehir.com\/wp-content\/uploads\/2019\/09\/ofis-mavi\u015fehir-sanal-haz\u0131r-kiral\u0131k-180-300x200.jpg 300w, https:\/\/ofismavisehir.com\/wp-content\/uploads\/2019\/09\/ofis-mavi\u015fehir-sanal-haz\u0131r-kiral\u0131k-180-272x182.jpg 272w\" sizes=\"auto, (max-width: 550px) 100vw, 550px\" \/><\/p>\n<\/div>\n<\/div><\/div><\/div><\/div><\/div><\/div>","protected":false},"excerpt":{"rendered":"<p>Instant Office &nbsp; If you are starting a new business or your current office is too far away from your customers and uncomfortable; Izmir Ofis Mavisehir is for you. &nbsp; Let us deal with the new office installation, stoppage, internet, electricity, water, heating-cooling, tea-coffee, cleaning, secretarial expenses and workload, so you can focus better on&hellip; <br \/> <a class=\"read-more\" href=\"https:\/\/ofismavisehir.com\/en\/hazir-ofis\/\">Read more<\/a><\/p>\n","protected":false},"author":1,"featured_media":0,"parent":0,"menu_order":0,"comment_status":"closed","ping_status":"closed","template":"pages\/compact.php","meta":{"footnotes":""},"class_list":["post-243","page","type-page","status-publish","hentry"],"_links":{"self":[{"href":"https:\/\/ofismavisehir.com\/en\/wp-json\/wp\/v2\/pages\/243","targetHints":{"allow":["GET"]}}],"collection":[{"href":"https:\/\/ofismavisehir.com\/en\/wp-json\/wp\/v2\/pages"}],"about":[{"href":"https:\/\/ofismavisehir.com\/en\/wp-json\/wp\/v2\/types\/page"}],"author":[{"embeddable":true,"href":"https:\/\/ofismavisehir.com\/en\/wp-json\/wp\/v2\/users\/1"}],"replies":[{"embeddable":true,"href":"https:\/\/ofismavisehir.com\/en\/wp-json\/wp\/v2\/comments?post=243"}],"version-history":[{"count":508,"href":"https:\/\/ofismavisehir.com\/en\/wp-json\/wp\/v2\/pages\/243\/revisions"}],"predecessor-version":[{"id":5636,"href":"https:\/\/ofismavisehir.com\/en\/wp-json\/wp\/v2\/pages\/243\/revisions\/5636"}],"wp:attachment":[{"href":"https:\/\/ofismavisehir.com\/en\/wp-json\/wp\/v2\/media?parent=243"}],"curies":[{"name":"wp","href":"https:\/\/api.w.org\/{rel}","templated":true}]}}