{"id":238,"date":"2019-02-17T16:51:40","date_gmt":"2019-02-17T13:51:40","guid":{"rendered":"http:\/\/ofismavisehir.com\/?page_id=238"},"modified":"2020-08-14T18:00:24","modified_gmt":"2020-08-14T15:00:24","slug":"kurumsal","status":"publish","type":"page","link":"https:\/\/ofismavisehir.com\/en\/kurumsal\/","title":{"rendered":"Kurumsal |  haz\u0131r ofis izmir, payla\u015f\u0131ml\u0131 ofis \u00e7i\u011fli, ortak ofis menemen, sanal ofis bayrakl\u0131, yasal adres folkart, alia\u011fa, fo\u00e7a, egekent, bornova, alsancak, konak, seminer"},"content":{"rendered":"<div id=\"pl-238\"  class=\"panel-layout\" ><div id=\"pg-238-0\"  class=\"panel-grid panel-has-style\" ><div class=\"siteorigin-panels-stretch panel-row-style panel-row-style-for-238-0\" data-stretch-type=\"full-stretched\" ><div id=\"pgc-238-0-0\"  class=\"panel-grid-cell\" ><div id=\"panel-238-0-0-0\" class=\"so-panel widget widget_sow-editor panel-first-child panel-last-child\" data-index=\"0\" ><div\n\t\t\t\n\t\t\tclass=\"so-widget-sow-editor so-widget-sow-editor-base\"\n\t\t\t\n\t\t>\n<div class=\"siteorigin-widget-tinymce textwidget\">\n\t<h1 style=\"text-align: center;\"><span style=\"color: #ffffff;\"><strong><span style=\"color: #ffffff;\">About Us<\/span><\/strong><\/span><\/h1>\n<\/div>\n<\/div><\/div><\/div><\/div><\/div><div id=\"pg-238-1\"  class=\"panel-grid panel-has-style\" ><div class=\"siteorigin-panels-stretch panel-row-style panel-row-style-for-238-1\" data-stretch-type=\"full-stretched\" ><div id=\"pgc-238-1-0\"  class=\"panel-grid-cell panel-grid-cell-empty\" ><\/div><div id=\"pgc-238-1-1\"  class=\"panel-grid-cell panel-grid-cell-mobile-last\" ><div id=\"panel-238-1-1-0\" class=\"so-panel widget widget_sow-editor panel-first-child panel-last-child\" data-index=\"1\" ><div\n\t\t\t\n\t\t\tclass=\"so-widget-sow-editor so-widget-sow-editor-base\"\n\t\t\t\n\t\t>\n<div class=\"siteorigin-widget-tinymce textwidget\">\n\t<p><img loading=\"lazy\" decoding=\"async\" class=\"wp-image-2602 alignnone\" src=\"https:\/\/ofismavisehir.com\/wp-content\/uploads\/2019\/09\/ofis-mavi\u015fehir-kiral\u0131k-sanal-haz\u0131r-izmir-kar\u015f\u0131yaka-54454.jpg\" alt=\"\" width=\"1000\" height=\"750\" srcset=\"https:\/\/ofismavisehir.com\/wp-content\/uploads\/2019\/09\/ofis-mavi\u015fehir-kiral\u0131k-sanal-haz\u0131r-izmir-kar\u015f\u0131yaka-54454.jpg 2000w, https:\/\/ofismavisehir.com\/wp-content\/uploads\/2019\/09\/ofis-mavi\u015fehir-kiral\u0131k-sanal-haz\u0131r-izmir-kar\u015f\u0131yaka-54454-300x225.jpg 300w, https:\/\/ofismavisehir.com\/wp-content\/uploads\/2019\/09\/ofis-mavi\u015fehir-kiral\u0131k-sanal-haz\u0131r-izmir-kar\u015f\u0131yaka-54454-768x576.jpg 768w, https:\/\/ofismavisehir.com\/wp-content\/uploads\/2019\/09\/ofis-mavi\u015fehir-kiral\u0131k-sanal-haz\u0131r-izmir-kar\u015f\u0131yaka-54454-1024x768.jpg 1024w\" sizes=\"auto, (max-width: 1000px) 100vw, 1000px\" \/><br \/>\n&nbsp;<\/p>\n<p style=\"padding-left: 40px; text-align: left;\"><span style=\"color: #000000;\"><span style=\"font-family: verdana, sans-serif; font-size: medium;\">2018 y\u0131l\u0131nda Zerrin Aydemir taraf\u0131ndan \u0130zmir Kar\u015f\u0131yaka Mavi\u015fehir'de 400 m2 alan \u00fczerine kurulmu\u015ftur. Teknolojik alt yap\u0131s\u0131 ve Modern tasar\u0131m\u0131 ile i\u015fletmelerin t\u00fcm ihtiya\u00e7lar\u0131n\u0131 kar\u015f\u0131layacak donan\u0131mda olan Ofis Mavi\u015fehir, Hilltown AVM ve Mavibah\u00e7e al\u0131\u015fveri\u015f merkezine y\u00fcr\u00fcme mesafesindedir. <\/span><\/span><span style=\"color: #000000;\"><span style=\"font-family: verdana, sans-serif; font-size: medium;\">Prestijli konumu ile dikkat \u00e7eken Ofis Mavi\u015fehir ayr\u0131ca \u00e7<\/span><span style=\"font-family: verdana, sans-serif; font-size: medium;\">evre yoluna ara\u00e7 ile 5 dakika, t<\/span><span style=\"font-family: verdana, sans-serif; font-size: medium;\">ramvay ve \u0130zban'a y\u00fcr\u00fcyerek 4 dakika mesafededir.<\/span><\/span><\/p>\n<\/div>\n<\/div><\/div><\/div><div id=\"pgc-238-1-2\"  class=\"panel-grid-cell panel-grid-cell-empty\" ><\/div><\/div><\/div><div id=\"pg-238-2\"  class=\"panel-grid panel-has-style\" ><div class=\"siteorigin-panels-stretch panel-row-style panel-row-style-for-238-2\" data-stretch-type=\"full-stretched\" ><div id=\"pgc-238-2-0\"  class=\"panel-grid-cell panel-grid-cell-empty\" ><\/div><div id=\"pgc-238-2-1\"  class=\"panel-grid-cell panel-grid-cell-mobile-last\" ><div id=\"panel-238-2-1-0\" class=\"so-panel widget widget_sow-editor panel-first-child panel-last-child\" data-index=\"2\" ><div\n\t\t\t\n\t\t\tclass=\"so-widget-sow-editor so-widget-sow-editor-base\"\n\t\t\t\n\t\t>\n<div class=\"siteorigin-widget-tinymce textwidget\">\n\t<p><img loading=\"lazy\" decoding=\"async\" class=\"aligncenter wp-image-2770\" src=\"https:\/\/ofismavisehir.com\/wp-content\/uploads\/2019\/09\/ofis-mavi\u015fehir-sanal-haz\u0131r-kiral\u0131k-14.jpg\" alt=\"\" width=\"1000\" height=\"666\" srcset=\"https:\/\/ofismavisehir.com\/wp-content\/uploads\/2019\/09\/ofis-mavi\u015fehir-sanal-haz\u0131r-kiral\u0131k-14.jpg 626w, https:\/\/ofismavisehir.com\/wp-content\/uploads\/2019\/09\/ofis-mavi\u015fehir-sanal-haz\u0131r-kiral\u0131k-14-300x200.jpg 300w, https:\/\/ofismavisehir.com\/wp-content\/uploads\/2019\/09\/ofis-mavi\u015fehir-sanal-haz\u0131r-kiral\u0131k-14-272x182.jpg 272w\" sizes=\"auto, (max-width: 1000px) 100vw, 1000px\" \/><br \/>\n&nbsp;<\/p>\n<p style=\"text-align: left; padding-left: 40px;\"><span style=\"font-family: verdana, sans-serif; font-size: medium; color: #000000;\">Ofis Mavi\u015fehir'in de dahil oldu\u011fu Haz\u0131r Ofis i\u015f modelinin do\u011fu\u015fu 2000'li y\u0131llar\u0131n ba\u015f\u0131nda ger\u00e7ekle\u015fmi\u015ftir. Teknolojik geli\u015fmeler ile birlikte de\u011fi\u015fen d\u00fcnya d\u00fczeni, yeni \u00e7al\u0131\u015fma ve farkl\u0131 i\u015f modellerini de beraberinde getirmi\u015ftir. Farkl\u0131 meslek guruplar\u0131 ile farkl\u0131 firmalarda \u00e7al\u0131\u015fanlar\u0131n ve yeni kurulan \u015firketlerin ayn\u0131 ortamda \u00e7al\u0131\u015fmaya ba\u015flamas\u0131yla olu\u015fan Payla\u015f\u0131ml\u0131 Ofisler belki de bunlar\u0131n en \u00f6nemlisidir.<\/span><\/p>\n<\/div>\n<\/div><\/div><\/div><div id=\"pgc-238-2-2\"  class=\"panel-grid-cell panel-grid-cell-empty\" ><\/div><\/div><\/div><div id=\"pg-238-3\"  class=\"panel-grid panel-has-style\" ><div class=\"siteorigin-panels-stretch panel-row-style panel-row-style-for-238-3\" data-stretch-type=\"full-stretched\" ><div id=\"pgc-238-3-0\"  class=\"panel-grid-cell panel-grid-cell-empty\" ><\/div><div id=\"pgc-238-3-1\"  class=\"panel-grid-cell panel-grid-cell-mobile-last\" ><div id=\"panel-238-3-1-0\" class=\"so-panel widget widget_sow-editor panel-first-child panel-last-child\" data-index=\"3\" ><div\n\t\t\t\n\t\t\tclass=\"so-widget-sow-editor so-widget-sow-editor-base\"\n\t\t\t\n\t\t>\n<div class=\"siteorigin-widget-tinymce textwidget\">\n\t<h3 style=\"padding-left: 40px; text-align: center;\"><img loading=\"lazy\" decoding=\"async\" class=\"alignleft wp-image-2799\" src=\"https:\/\/ofismavisehir.com\/wp-content\/uploads\/2019\/09\/ofis-mavi\u015fehir-sanal-haz\u0131r-kiral\u0131k-142.jpg\" alt=\"\" width=\"1000\" height=\"666\" srcset=\"https:\/\/ofismavisehir.com\/wp-content\/uploads\/2019\/09\/ofis-mavi\u015fehir-sanal-haz\u0131r-kiral\u0131k-142.jpg 626w, https:\/\/ofismavisehir.com\/wp-content\/uploads\/2019\/09\/ofis-mavi\u015fehir-sanal-haz\u0131r-kiral\u0131k-142-300x200.jpg 300w, https:\/\/ofismavisehir.com\/wp-content\/uploads\/2019\/09\/ofis-mavi\u015fehir-sanal-haz\u0131r-kiral\u0131k-142-272x182.jpg 272w\" sizes=\"auto, (max-width: 1000px) 100vw, 1000px\" \/><\/h3>\n<p>&nbsp;<\/p>\n<p style=\"padding-left: 40px; text-align: left;\"><span style=\"font-family: verdana, sans-serif; font-size: medium; color: #000000;\">Ofis Mavi\u015fehir'in misyonu; rahat ve konforlu bir ofis ortam\u0131nda yarat\u0131c\u0131l\u0131\u011f\u0131, payla\u015fmay\u0131 \u00f6n plana \u00e7\u0131kararak, \u00fcyelerin birbiri ile kayna\u015fmas\u0131na, birlikte bir network olu\u015fturmalar\u0131na, yeni i\u015f ve sosyal ba\u011flant\u0131lar kurmalar\u0131na olanak sa\u011flamakt\u0131r.<\/span><\/p>\n<\/div>\n<\/div><\/div><\/div><div id=\"pgc-238-3-2\"  class=\"panel-grid-cell panel-grid-cell-empty\" ><\/div><\/div><\/div><div id=\"pg-238-4\"  class=\"panel-grid panel-has-style\" ><div class=\"siteorigin-panels-stretch panel-row-style panel-row-style-for-238-4\" data-stretch-type=\"full-stretched\" ><div id=\"pgc-238-4-0\"  class=\"panel-grid-cell panel-grid-cell-empty\" ><\/div><div id=\"pgc-238-4-1\"  class=\"panel-grid-cell panel-grid-cell-mobile-last\" ><div id=\"panel-238-4-1-0\" class=\"so-panel widget widget_meta panel-first-child panel-last-child\" data-index=\"4\" ><h3 class=\"widget-title\">Meta<\/h3>\n\t\t<ul>\n\t\t\t\t\t\t<li><a href=\"https:\/\/ofismavisehir.com\/wp-login.php\">Log in<\/a><\/li>\n\t\t\t<li><a href=\"https:\/\/ofismavisehir.com\/en\/feed\/\">Entries feed<\/a><\/li>\n\t\t\t<li><a href=\"https:\/\/ofismavisehir.com\/en\/comments\/feed\/\">Comments feed<\/a><\/li>\n\n\t\t\t<li><a href=\"https:\/\/wordpress.org\/\">WordPress.org<\/a><\/li>\n\t\t<\/ul>\n\n\t\t<\/div><\/div><div id=\"pgc-238-4-2\"  class=\"panel-grid-cell panel-grid-cell-empty\" ><\/div><\/div><\/div><\/div>","protected":false},"excerpt":{"rendered":"<p>About Us &nbsp; 2018 y\u0131l\u0131nda Zerrin Aydemir taraf\u0131ndan \u0130zmir Kar\u015f\u0131yaka Mavi\u015fehir&#8217;de 400 m2 alan \u00fczerine kurulmu\u015ftur. Teknolojik alt yap\u0131s\u0131 ve Modern tasar\u0131m\u0131 ile i\u015fletmelerin t\u00fcm ihtiya\u00e7lar\u0131n\u0131 kar\u015f\u0131layacak donan\u0131mda olan Ofis Mavi\u015fehir, Hilltown AVM ve Mavibah\u00e7e al\u0131\u015fveri\u015f merkezine y\u00fcr\u00fcme mesafesindedir. Prestijli konumu ile dikkat \u00e7eken Ofis Mavi\u015fehir ayr\u0131ca \u00e7evre yoluna ara\u00e7 ile 5 dakika, tramvay ve&hellip; <br \/> <a class=\"read-more\" href=\"https:\/\/ofismavisehir.com\/en\/kurumsal\/\">Read more<\/a><\/p>\n","protected":false},"author":1,"featured_media":0,"parent":0,"menu_order":0,"comment_status":"closed","ping_status":"closed","template":"pages\/compact.php","meta":{"footnotes":""},"class_list":["post-238","page","type-page","status-publish","hentry"],"_links":{"self":[{"href":"https:\/\/ofismavisehir.com\/en\/wp-json\/wp\/v2\/pages\/238","targetHints":{"allow":["GET"]}}],"collection":[{"href":"https:\/\/ofismavisehir.com\/en\/wp-json\/wp\/v2\/pages"}],"about":[{"href":"https:\/\/ofismavisehir.com\/en\/wp-json\/wp\/v2\/types\/page"}],"author":[{"embeddable":true,"href":"https:\/\/ofismavisehir.com\/en\/wp-json\/wp\/v2\/users\/1"}],"replies":[{"embeddable":true,"href":"https:\/\/ofismavisehir.com\/en\/wp-json\/wp\/v2\/comments?post=238"}],"version-history":[{"count":289,"href":"https:\/\/ofismavisehir.com\/en\/wp-json\/wp\/v2\/pages\/238\/revisions"}],"predecessor-version":[{"id":5640,"href":"https:\/\/ofismavisehir.com\/en\/wp-json\/wp\/v2\/pages\/238\/revisions\/5640"}],"wp:attachment":[{"href":"https:\/\/ofismavisehir.com\/en\/wp-json\/wp\/v2\/media?parent=238"}],"curies":[{"name":"wp","href":"https:\/\/api.w.org\/{rel}","templated":true}]}}