{"id":2088,"date":"2019-09-07T17:52:07","date_gmt":"2019-09-07T14:52:07","guid":{"rendered":"https:\/\/ofismavisehir.com\/?page_id=2088"},"modified":"2020-01-09T15:38:46","modified_gmt":"2020-01-09T12:38:46","slug":"sanal-ofis-avantajlari-nelerdir","status":"publish","type":"page","link":"https:\/\/ofismavisehir.com\/en\/sanal-ofis-avantajlari-nelerdir\/","title":{"rendered":"Sanal Ofis Avantajlar\u0131 Nelerdir"},"content":{"rendered":"<div id=\"pl-2088\"  class=\"panel-layout\" ><div id=\"pg-2088-0\"  class=\"panel-grid panel-has-style\" ><div class=\"siteorigin-panels-stretch panel-row-style panel-row-style-for-2088-0\" data-stretch-type=\"full-stretched\" ><div id=\"pgc-2088-0-0\"  class=\"panel-grid-cell\" ><div id=\"panel-2088-0-0-0\" class=\"so-panel widget widget_sow-editor panel-first-child panel-last-child\" data-index=\"0\" ><div\n\t\t\t\n\t\t\tclass=\"so-widget-sow-editor so-widget-sow-editor-base\"\n\t\t\t\n\t\t>\n<div class=\"siteorigin-widget-tinymce textwidget\">\n\t<h1 style=\"text-align: center;\"><span style=\"color: #ffffff;\"><strong><span style=\"color: #ffffff;\">Sanal Ofis Avantajlar\u0131<\/span><\/strong><\/span><\/h1>\n<\/div>\n<\/div><\/div><\/div><\/div><\/div><div id=\"pg-2088-1\"  class=\"panel-grid panel-has-style\" ><div class=\"siteorigin-panels-stretch panel-row-style panel-row-style-for-2088-1\" data-stretch-type=\"full-stretched\" ><div id=\"pgc-2088-1-0\"  class=\"panel-grid-cell\" ><div id=\"panel-2088-1-0-0\" class=\"so-panel widget widget_sow-editor panel-first-child panel-last-child\" data-index=\"1\" ><div\n\t\t\t\n\t\t\tclass=\"so-widget-sow-editor so-widget-sow-editor-base\"\n\t\t\t\n\t\t>\n<div class=\"siteorigin-widget-tinymce textwidget\">\n\t<p><img loading=\"lazy\" decoding=\"async\" class=\"alignright wp-image-2558\" src=\"https:\/\/ofismavisehir.com\/wp-content\/uploads\/2019\/09\/ofis-mavi\u015fehir-kiral\u0131k-sanal-haz\u0131r-izmir-kar\u015f\u0131yaka-57-1.jpg\" alt=\"\" width=\"600\" height=\"485\" \/><br \/>\n.<br \/>\n<img loading=\"lazy\" decoding=\"async\" class=\"alignright wp-image-4532\" src=\"https:\/\/ofismavisehir.com\/wp-content\/uploads\/2019\/09\/ofis-mavi\u015fehir-sanal-haz\u0131r-kiral\u0131k-130-600-x-400.jpg\" alt=\"\" width=\"600\" height=\"400\" srcset=\"https:\/\/ofismavisehir.com\/wp-content\/uploads\/2019\/09\/ofis-mavi\u015fehir-sanal-haz\u0131r-kiral\u0131k-130-600-x-400.jpg 600w, https:\/\/ofismavisehir.com\/wp-content\/uploads\/2019\/09\/ofis-mavi\u015fehir-sanal-haz\u0131r-kiral\u0131k-130-600-x-400-300x200.jpg 300w, https:\/\/ofismavisehir.com\/wp-content\/uploads\/2019\/09\/ofis-mavi\u015fehir-sanal-haz\u0131r-kiral\u0131k-130-600-x-400-272x182.jpg 272w\" sizes=\"auto, (max-width: 600px) 100vw, 600px\" \/><br \/>\n.<br \/>\n<img loading=\"lazy\" decoding=\"async\" class=\"alignright wp-image-2950\" src=\"https:\/\/ofismavisehir.com\/wp-content\/uploads\/2019\/09\/ofis-mavi\u015fehir-sanal-haz\u0131r-kiral\u0131k-96.jpg\" alt=\"\" width=\"600\" height=\"400\" srcset=\"https:\/\/ofismavisehir.com\/wp-content\/uploads\/2019\/09\/ofis-mavi\u015fehir-sanal-haz\u0131r-kiral\u0131k-96.jpg 626w, https:\/\/ofismavisehir.com\/wp-content\/uploads\/2019\/09\/ofis-mavi\u015fehir-sanal-haz\u0131r-kiral\u0131k-96-300x200.jpg 300w, https:\/\/ofismavisehir.com\/wp-content\/uploads\/2019\/09\/ofis-mavi\u015fehir-sanal-haz\u0131r-kiral\u0131k-96-272x182.jpg 272w\" sizes=\"auto, (max-width: 600px) 100vw, 600px\" \/><br \/>\n.<br \/>\n<img loading=\"lazy\" decoding=\"async\" class=\"alignright wp-image-3712\" src=\"https:\/\/ofismavisehir.com\/wp-content\/uploads\/2019\/09\/ofis-mavi\u015fehir-sanal-haz\u0131r-kiral\u0131k-104-e1570715214317.jpg\" alt=\"\" width=\"600\" height=\"401\" \/><\/p>\n<\/div>\n<\/div><\/div><\/div><div id=\"pgc-2088-1-1\"  class=\"panel-grid-cell\" ><div id=\"panel-2088-1-1-0\" class=\"so-panel widget widget_sow-editor panel-first-child panel-last-child\" data-index=\"2\" ><div\n\t\t\t\n\t\t\tclass=\"so-widget-sow-editor so-widget-sow-editor-base\"\n\t\t\t\n\t\t>\n<div class=\"siteorigin-widget-tinymce textwidget\">\n\t<p><span style=\"color: #000000;\">Giri\u015fimci olup kendi i\u015fini yapmak herkesin hayalidir. G\u00fczel bir i\u015f fikriniz var, pazar ara\u015ft\u0131rmas\u0131 yapt\u0131\u011f\u0131n\u0131zda tutaca\u011f\u0131n\u0131 g\u00f6r\u00fcyor ve piyasaya hemen \u00e7\u0131kmak istiyorsunuz.<\/span><\/p>\n<p><span style=\"color: #000000;\">Ba\u015flang\u0131\u00e7ta fiziki bir ofise ihtiyac\u0131n\u0131z olmad\u0131\u011f\u0131n\u0131 d\u00fc\u015f\u00fcn\u00fcyorsunuz. Genelde evde home ofis veya d\u0131\u015far\u0131da \u00e7al\u0131\u015f\u0131yorsunuz. Her sabah \u015fehir trafi\u011finde yola \u00e7\u0131karak ofisinize gitmek istemiyorsunuz. Ofis kiralamak, ucuz ofis bulmak b\u00fcy\u00fck zaman kayb\u0131 ayr\u0131ca b\u00fct\u00e7eniz k\u0131s\u0131tl\u0131. Yeni bir ofis tutarak rekabetin had safhada oldu\u011fu g\u00fcn\u00fcm\u00fczde kredi \u00e7ekerek, bor\u00e7 alarak bir\u00e7ok y\u00fck\u00fcml\u00fcl\u00fc\u011f\u00fcn alt\u0131na girip risk almak istemiyorsunuz.\u00a0<\/span><\/p>\n<p><span style=\"color: #000000;\">B\u00fct\u00fcn bunlara kar\u015f\u0131n m\u00fc\u015fterilerinize adres ve telefonlar\u0131n\u0131z\u0131n bulundu\u011fu kurumsal bir kartvizit vermenin ne kadar \u00f6nemli oldu\u011funun da fark\u0131ndas\u0131n\u0131z.<\/span><\/p>\n<p><span style=\"color: #000000;\">Bu durumda en d\u00fc\u015f\u00fck b\u00fct\u00e7e ile i\u015fimi nas\u0131l kurar\u0131m diyorsan\u0131z i\u015fte tam da sizin i\u00e7in uygun fiyatl\u0131 ofis se\u00e7ene\u011fi var. Sanal ofis kiralama.<\/span><\/p>\n<p>&nbsp;<\/p>\n<p><strong><span style=\"color: #000000;\">SANAL OF\u0130SLER\u0130N AVANTAJLARI NELERD\u0130R?<\/span><\/strong><\/p>\n<p><span style=\"color: #000000;\"><strong>D\u00fc\u015f\u00fck maliyetli yasal i\u015f adresi :<\/strong>\u00a0 Yeni bir i\u015f kurarken firman\u0131z i\u00e7in faturalar\u0131n\u0131z\u0131 kesebilece\u011finiz yasal adres\u00a0 \u00a0g\u00f6stermeniz gereklidir. \u015eirketinizi evinizde de kurabilir ve home ofis \u00e7al\u0131\u015fabilirsiniz. Ancak m\u00fc\u015fterilerinize kar\u015f\u0131 profesyonel bir g\u00f6r\u00fcnt\u00fc vermek ve kurumsal bir kimli\u011fe sahip olmak, i\u015finiz i\u00e7in son derece \u00f6nemlidir.<\/span><\/p>\n<p><span style=\"color: #000000;\"><strong>Stopaj \u00f6demesi yoktur :<\/strong> Yasal adres olarak ev veya ofis g\u00f6sterildi\u011finde kiran\u0131n %25 i kadar ayr\u0131ca bir bedeli stopaj olarak \u00f6demek zorundas\u0131n\u0131z. Oysa sanal ofislerde stopaj \u00f6demesi yoktur.<\/span><\/p>\n<p><span style=\"color: #000000;\"><strong>Prestijli ve Merkezi Lokasyon :<\/strong> Sanal ofisler sizin ve m\u00fc\u015fterilerinizin kolayl\u0131kla ula\u015fabilece\u011fi, otopark sorunu olmayan, merkezi ve prestijli bir lokasyonda yer almaktad\u0131r.\u00a0<\/span><\/p>\n<p><span style=\"color: #000000;\"><strong>H\u0131zl\u0131 ve kolay kurulum :<\/strong> S\u00f6zle\u015fme imzaland\u0131ktan birka\u00e7 g\u00fcn sonra\u00a0 \u0130lgili il\u00e7e vergi dairesinden gelen memurlar yasal adres, sanal ofis yoklaman\u0131z\u0131 tamamlayarak, \u015firketinizi faal duruma getiriyor.\u00a0<\/span><\/p>\n<p><span style=\"color: #000000;\"><strong>6 Ayl\u0131k veya y\u0131ll\u0131k s\u00f6zle\u015fmeler :<\/strong> Sanal ofis ile ofis kiralama yapt\u0131\u011f\u0131n\u0131zda kar\u015f\u0131la\u015faca\u011f\u0131n\u0131z uzun s\u00fcreli kontrat riskini de almam\u0131\u015f olursunuz. K\u0131sa d\u00f6nemli s\u00f6zle\u015fmeler ile diledi\u011finiz s\u00fcre kadar sanal ofis kullanabilirsiniz.\u00a0<\/span><\/p>\n<p><span style=\"color: #000000;\"><strong>Firmaya \u00f6zel \u00fccretsiz telefon hatt\u0131 tahsisi :<\/strong> \u015eirketinize \u00f6zel 1 veya daha fazla say\u0131da (0212, 0216 , 0232, 0850 alan kodlu) telefon hatt\u0131 tahsis edilebilir. Dilerseniz kendinize ait telefon hatt\u0131n\u0131z\u0131 Sanal Ofis santraline ta\u015f\u0131yabilirsiniz. Size tahsis edilen telefon hatlar\u0131n\u0131z\u0131 diledi\u011finizde ba\u015fka yere ta\u015f\u0131yabilirsiniz.<\/span><\/p>\n<p><span style=\"color: #000000;\"><strong>Profesyonel sekreterya hizmeti :<\/strong> G<span style=\"font-size: 1rem;\">elen \u00e7a\u011fr\u0131lar firman\u0131z ad\u0131na sekreterya taraf\u0131ndan kar\u015f\u0131lan\u0131r, iste\u011finize g\u00f6re not al\u0131n\u0131r ya da istedi\u011finiz yere aktar\u0131l\u0131r.\u00a0<\/span><\/span><\/p>\n<p><span style=\"color: #000000;\"><strong>Kargo ve gelen evrak takibi :<\/strong> Kargo ve g\u00f6nderileriniz i\u00e7in sabahtan ak\u015fama dek evde veya ofiste beklemenize gerek yok. Sanal ofislerde gelen kargo ve evraklar\u0131n\u0131z sizin ad\u0131n\u0131za teslim al\u0131n\u0131r, size derhal bilgi verilir ve siz alana dek saklan\u0131r.\u00a0<\/span><\/p>\n<p><span style=\"color: #000000;\"><strong>M\u00fc\u015fteri kar\u015f\u0131lama ve Toplant\u0131 odas\u0131 kullan\u0131m\u0131 :<\/strong> Misafirleriniz sekreterya taraf\u0131ndan kap\u0131da kar\u015f\u0131lan\u0131r ve d\u0131\u015far\u0131da iseniz siz gelene kadar misafir salonunda \u00f6zel ikramlarla a\u011f\u0131rlan\u0131r. M\u00fc\u015fterileriniz ve davetlileriniz \u00fczerinde iyi bir etki b\u0131rakabilmek ad\u0131na toplant\u0131 organizasyonlar\u0131 g\u00f6z al\u0131c\u0131 ve etkileyici olmal\u0131d\u0131r. Sanal Ofis, haz\u0131r ofis toplant\u0131 odalar\u0131nda; i\u015f g\u00f6r\u00fc\u015fmelerinizi, \u015firket e\u011fitimlerinizi ve sunumlar\u0131n\u0131z\u0131 daha etkili ve verimli hale getirebilirsiniz. <\/span><\/p>\n<p><span style=\"color: #000000;\"><strong>Giderlerinizi sabitlersiniz :<\/strong> Yukar\u0131daki b\u00fct\u00fcn hizmetler i\u00e7in ayl\u0131k sabit tek bir fatura \u00f6dersiniz. <\/span><\/p>\n<p><span style=\"color: #000000;\">Ayr\u0131ca gerekli olan b\u00fct\u00fcn ofis ekipmanlar\u0131n\u0131 ve hizmetlerini kulland\u0131k\u00e7a \u00f6de sistemi ile sadece ihtiya\u00e7 duydu\u011funuzda kullan\u0131r giderlerinizi kontrol alt\u0131nda tutar ve kullanmad\u0131\u011f\u0131n\u0131z hi\u00e7bir\u015fey i\u00e7in bedel \u00f6demezsiniz.<\/span><\/p>\n<\/div>\n<\/div><\/div><\/div><\/div><\/div><\/div>","protected":false},"excerpt":{"rendered":"<p>Sanal Ofis Avantajlar\u0131 . . . Giri\u015fimci olup kendi i\u015fini yapmak herkesin hayalidir. G\u00fczel bir i\u015f fikriniz var, pazar ara\u015ft\u0131rmas\u0131 yapt\u0131\u011f\u0131n\u0131zda tutaca\u011f\u0131n\u0131 g\u00f6r\u00fcyor ve piyasaya hemen \u00e7\u0131kmak istiyorsunuz. Ba\u015flang\u0131\u00e7ta fiziki bir ofise ihtiyac\u0131n\u0131z olmad\u0131\u011f\u0131n\u0131 d\u00fc\u015f\u00fcn\u00fcyorsunuz. Genelde evde home ofis veya d\u0131\u015far\u0131da \u00e7al\u0131\u015f\u0131yorsunuz. Her sabah \u015fehir trafi\u011finde yola \u00e7\u0131karak ofisinize gitmek istemiyorsunuz. Ofis kiralamak, ucuz ofis&hellip; <br \/> <a class=\"read-more\" href=\"https:\/\/ofismavisehir.com\/en\/sanal-ofis-avantajlari-nelerdir\/\">Read more<\/a><\/p>\n","protected":false},"author":2,"featured_media":0,"parent":0,"menu_order":0,"comment_status":"closed","ping_status":"closed","template":"pages\/compact.php","meta":{"footnotes":""},"class_list":["post-2088","page","type-page","status-publish","hentry"],"_links":{"self":[{"href":"https:\/\/ofismavisehir.com\/en\/wp-json\/wp\/v2\/pages\/2088","targetHints":{"allow":["GET"]}}],"collection":[{"href":"https:\/\/ofismavisehir.com\/en\/wp-json\/wp\/v2\/pages"}],"about":[{"href":"https:\/\/ofismavisehir.com\/en\/wp-json\/wp\/v2\/types\/page"}],"author":[{"embeddable":true,"href":"https:\/\/ofismavisehir.com\/en\/wp-json\/wp\/v2\/users\/2"}],"replies":[{"embeddable":true,"href":"https:\/\/ofismavisehir.com\/en\/wp-json\/wp\/v2\/comments?post=2088"}],"version-history":[{"count":151,"href":"https:\/\/ofismavisehir.com\/en\/wp-json\/wp\/v2\/pages\/2088\/revisions"}],"predecessor-version":[{"id":5544,"href":"https:\/\/ofismavisehir.com\/en\/wp-json\/wp\/v2\/pages\/2088\/revisions\/5544"}],"wp:attachment":[{"href":"https:\/\/ofismavisehir.com\/en\/wp-json\/wp\/v2\/media?parent=2088"}],"curies":[{"name":"wp","href":"https:\/\/api.w.org\/{rel}","templated":true}]}}