{"id":2084,"date":"2019-09-07T17:47:50","date_gmt":"2019-09-07T14:47:50","guid":{"rendered":"https:\/\/ofismavisehir.com\/?page_id=2084"},"modified":"2020-01-09T15:33:18","modified_gmt":"2020-01-09T12:33:18","slug":"sanal-ofis-yasal-mi","status":"publish","type":"page","link":"https:\/\/ofismavisehir.com\/en\/sanal-ofis-yasal-mi\/","title":{"rendered":"Sanal Ofis Yasal M\u0131?"},"content":{"rendered":"<div id=\"pl-2084\"  class=\"panel-layout\" ><div id=\"pg-2084-0\"  class=\"panel-grid panel-has-style\" ><div class=\"siteorigin-panels-stretch panel-row-style panel-row-style-for-2084-0\" data-stretch-type=\"full-stretched\" ><div id=\"pgc-2084-0-0\"  class=\"panel-grid-cell\" ><div id=\"panel-2084-0-0-0\" class=\"so-panel widget widget_sow-editor panel-first-child panel-last-child\" data-index=\"0\" ><div\n\t\t\t\n\t\t\tclass=\"so-widget-sow-editor so-widget-sow-editor-base\"\n\t\t\t\n\t\t>\n<div class=\"siteorigin-widget-tinymce textwidget\">\n\t<h1 style=\"text-align: center;\"><span style=\"color: #ffffff;\"><strong><span style=\"color: #ffffff;\">\u0130s Virtual Office Legal? <\/span><\/strong><\/span><\/h1>\n<\/div>\n<\/div><\/div><\/div><\/div><\/div><div id=\"pg-2084-1\"  class=\"panel-grid panel-has-style\" ><div class=\"siteorigin-panels-stretch panel-row-style panel-row-style-for-2084-1\" data-stretch-type=\"full-stretched\" ><div id=\"pgc-2084-1-0\"  class=\"panel-grid-cell\" ><div id=\"panel-2084-1-0-0\" class=\"so-panel widget widget_sow-editor panel-first-child panel-last-child\" data-index=\"1\" ><div\n\t\t\t\n\t\t\tclass=\"so-widget-sow-editor so-widget-sow-editor-base\"\n\t\t\t\n\t\t>\n<div class=\"siteorigin-widget-tinymce textwidget\">\n\t<p><img loading=\"lazy\" decoding=\"async\" class=\"alignright wp-image-4700\" src=\"https:\/\/ofismavisehir.com\/wp-content\/uploads\/2019\/10\/ofis-mavi\u015fehir-sanal-haz\u0131r-kiral\u0131k-18-600-x-397.jpg\" alt=\"\" width=\"600\" height=\"397\" srcset=\"https:\/\/ofismavisehir.com\/wp-content\/uploads\/2019\/10\/ofis-mavi\u015fehir-sanal-haz\u0131r-kiral\u0131k-18-600-x-397.jpg 600w, https:\/\/ofismavisehir.com\/wp-content\/uploads\/2019\/10\/ofis-mavi\u015fehir-sanal-haz\u0131r-kiral\u0131k-18-600-x-397-300x199.jpg 300w\" sizes=\"auto, (max-width: 600px) 100vw, 600px\" \/><\/p>\n<\/div>\n<\/div><\/div><\/div><div id=\"pgc-2084-1-1\"  class=\"panel-grid-cell\" ><div id=\"panel-2084-1-1-0\" class=\"so-panel widget widget_sow-editor panel-first-child panel-last-child\" data-index=\"2\" ><div\n\t\t\t\n\t\t\tclass=\"so-widget-sow-editor so-widget-sow-editor-base\"\n\t\t\t\n\t\t>\n<div class=\"siteorigin-widget-tinymce textwidget\">\n\t<\/div>\n<\/div><\/div><\/div><\/div><\/div><div id=\"pg-2084-2\"  class=\"panel-grid panel-has-style\" ><div class=\"siteorigin-panels-stretch panel-row-style panel-row-style-for-2084-2\" data-stretch-type=\"full-stretched\" ><div id=\"pgc-2084-2-0\"  class=\"panel-grid-cell\" ><div id=\"panel-2084-2-0-0\" class=\"so-panel widget widget_sow-editor panel-first-child panel-last-child\" data-index=\"3\" ><div\n\t\t\t\n\t\t\tclass=\"so-widget-sow-editor so-widget-sow-editor-base\"\n\t\t\t\n\t\t>\n<div class=\"siteorigin-widget-tinymce textwidget\">\n\t<p><img loading=\"lazy\" decoding=\"async\" class=\"alignright wp-image-4783\" src=\"https:\/\/ofismavisehir.com\/wp-content\/uploads\/2019\/10\/ofis-mavi\u015fehir-kiral\u0131k-sanal-haz\u0131r-izmir-kar\u015f\u0131yaka-5-45-e1571224832543.jpg\" alt=\"\" width=\"600\" height=\"400\" \/><\/p>\n<\/div>\n<\/div><\/div><\/div><div id=\"pgc-2084-2-1\"  class=\"panel-grid-cell\" ><div id=\"panel-2084-2-1-0\" class=\"so-panel widget widget_sow-editor panel-first-child panel-last-child\" data-index=\"4\" ><div\n\t\t\t\n\t\t\tclass=\"so-widget-sow-editor so-widget-sow-editor-base\"\n\t\t\t\n\t\t>\n<div class=\"siteorigin-widget-tinymce textwidget\">\n\t<p>&nbsp;<\/p>\n<p>&nbsp;<\/p>\n<\/div>\n<\/div><\/div><\/div><\/div><\/div><\/div>","protected":false},"excerpt":{"rendered":"<p>\u0130s Virtual Office Legal?<\/p>\n","protected":false},"author":2,"featured_media":0,"parent":0,"menu_order":0,"comment_status":"closed","ping_status":"closed","template":"pages\/compact.php","meta":{"footnotes":""},"class_list":["post-2084","page","type-page","status-publish","hentry"],"_links":{"self":[{"href":"https:\/\/ofismavisehir.com\/en\/wp-json\/wp\/v2\/pages\/2084","targetHints":{"allow":["GET"]}}],"collection":[{"href":"https:\/\/ofismavisehir.com\/en\/wp-json\/wp\/v2\/pages"}],"about":[{"href":"https:\/\/ofismavisehir.com\/en\/wp-json\/wp\/v2\/types\/page"}],"author":[{"embeddable":true,"href":"https:\/\/ofismavisehir.com\/en\/wp-json\/wp\/v2\/users\/2"}],"replies":[{"embeddable":true,"href":"https:\/\/ofismavisehir.com\/en\/wp-json\/wp\/v2\/comments?post=2084"}],"version-history":[{"count":97,"href":"https:\/\/ofismavisehir.com\/en\/wp-json\/wp\/v2\/pages\/2084\/revisions"}],"predecessor-version":[{"id":5543,"href":"https:\/\/ofismavisehir.com\/en\/wp-json\/wp\/v2\/pages\/2084\/revisions\/5543"}],"wp:attachment":[{"href":"https:\/\/ofismavisehir.com\/en\/wp-json\/wp\/v2\/media?parent=2084"}],"curies":[{"name":"wp","href":"https:\/\/api.w.org\/{rel}","templated":true}]}}