{"id":2080,"date":"2019-09-07T17:46:37","date_gmt":"2019-09-07T14:46:37","guid":{"rendered":"https:\/\/ofismavisehir.com\/?page_id=2080"},"modified":"2020-02-18T17:45:31","modified_gmt":"2020-02-18T14:45:31","slug":"paylasimli-ofis-nedir","status":"publish","type":"page","link":"https:\/\/ofismavisehir.com\/en\/paylasimli-ofis-nedir\/","title":{"rendered":"Payla\u015f\u0131ml\u0131 Ofis Nedir?"},"content":{"rendered":"<div id=\"pl-2080\"  class=\"panel-layout\" ><div id=\"pg-2080-0\"  class=\"panel-grid panel-has-style\" ><div class=\"siteorigin-panels-stretch panel-row-style panel-row-style-for-2080-0\" data-stretch-type=\"full-stretched\" ><div id=\"pgc-2080-0-0\"  class=\"panel-grid-cell\" ><div id=\"panel-2080-0-0-0\" class=\"so-panel widget widget_sow-editor panel-first-child panel-last-child\" data-index=\"0\" ><div\n\t\t\t\n\t\t\tclass=\"so-widget-sow-editor so-widget-sow-editor-base\"\n\t\t\t\n\t\t>\n<div class=\"siteorigin-widget-tinymce textwidget\">\n\t<h1 style=\"text-align: center;\"><strong><span style=\"color: #ffffff;\">What is Coworking Space?<\/span><\/strong><\/h1>\n<\/div>\n<\/div><\/div><\/div><\/div><\/div><div id=\"pg-2080-1\"  class=\"panel-grid panel-has-style\" ><div class=\"siteorigin-panels-stretch panel-row-style panel-row-style-for-2080-1\" data-stretch-type=\"full-stretched\" ><div id=\"pgc-2080-1-0\"  class=\"panel-grid-cell\" ><div id=\"panel-2080-1-0-0\" class=\"so-panel widget widget_sow-editor panel-first-child panel-last-child\" data-index=\"1\" ><div\n\t\t\t\n\t\t\tclass=\"so-widget-sow-editor so-widget-sow-editor-base\"\n\t\t\t\n\t\t>\n<div class=\"siteorigin-widget-tinymce textwidget\">\n\t<p><img loading=\"lazy\" decoding=\"async\" class=\"wp-image-2557 alignright\" src=\"https:\/\/ofismavisehir.com\/wp-content\/uploads\/2019\/09\/ofis-mavi\u015fehir-kiral\u0131k-sanal-haz\u0131r-izmir-kar\u015f\u0131yaka-5-33-e1570799711965.jpg\" alt=\"\" width=\"500\" height=\"326\" \/><\/p>\n<\/div>\n<\/div><\/div><\/div><div id=\"pgc-2080-1-1\"  class=\"panel-grid-cell\" ><div id=\"panel-2080-1-1-0\" class=\"so-panel widget widget_sow-editor panel-first-child panel-last-child\" data-index=\"2\" ><div\n\t\t\t\n\t\t\tclass=\"so-widget-sow-editor so-widget-sow-editor-base\"\n\t\t\t\n\t\t>\n<div class=\"siteorigin-widget-tinymce textwidget\">\n\t<\/div>\n<\/div><\/div><\/div><\/div><\/div><div id=\"pg-2080-2\"  class=\"panel-grid panel-has-style\" ><div class=\"siteorigin-panels-stretch panel-row-style panel-row-style-for-2080-2\" data-stretch-type=\"full-stretched\" ><div id=\"pgc-2080-2-0\"  class=\"panel-grid-cell\" ><div id=\"panel-2080-2-0-0\" class=\"so-panel widget widget_sow-editor panel-first-child panel-last-child\" data-index=\"3\" ><div\n\t\t\t\n\t\t\tclass=\"so-widget-sow-editor so-widget-sow-editor-base\"\n\t\t\t\n\t\t>\n<div class=\"siteorigin-widget-tinymce textwidget\">\n\t<p><img loading=\"lazy\" decoding=\"async\" class=\"wp-image-3623 alignright\" src=\"https:\/\/ofismavisehir.com\/wp-content\/uploads\/2019\/09\/izmir-ofis-mavi\u015fehir-haz\u0131r-sanal-23.jpg\" alt=\"\" width=\"500\" height=\"333\" srcset=\"https:\/\/ofismavisehir.com\/wp-content\/uploads\/2019\/09\/izmir-ofis-mavi\u015fehir-haz\u0131r-sanal-23.jpg 626w, https:\/\/ofismavisehir.com\/wp-content\/uploads\/2019\/09\/izmir-ofis-mavi\u015fehir-haz\u0131r-sanal-23-300x200.jpg 300w, https:\/\/ofismavisehir.com\/wp-content\/uploads\/2019\/09\/izmir-ofis-mavi\u015fehir-haz\u0131r-sanal-23-272x182.jpg 272w\" sizes=\"auto, (max-width: 500px) 100vw, 500px\" \/><\/p>\n<\/div>\n<\/div><\/div><\/div><div id=\"pgc-2080-2-1\"  class=\"panel-grid-cell\" ><div id=\"panel-2080-2-1-0\" class=\"so-panel widget widget_sow-editor panel-first-child panel-last-child\" data-index=\"4\" ><div\n\t\t\t\n\t\t\tclass=\"so-widget-sow-editor so-widget-sow-editor-base\"\n\t\t\t\n\t\t>\n<div class=\"siteorigin-widget-tinymce textwidget\">\n\t<\/div>\n<\/div><\/div><\/div><\/div><\/div><\/div>","protected":false},"excerpt":{"rendered":"<p>What is Coworking Space?<\/p>\n","protected":false},"author":2,"featured_media":0,"parent":0,"menu_order":0,"comment_status":"closed","ping_status":"closed","template":"pages\/compact.php","meta":{"footnotes":""},"class_list":["post-2080","page","type-page","status-publish","hentry"],"_links":{"self":[{"href":"https:\/\/ofismavisehir.com\/en\/wp-json\/wp\/v2\/pages\/2080","targetHints":{"allow":["GET"]}}],"collection":[{"href":"https:\/\/ofismavisehir.com\/en\/wp-json\/wp\/v2\/pages"}],"about":[{"href":"https:\/\/ofismavisehir.com\/en\/wp-json\/wp\/v2\/types\/page"}],"author":[{"embeddable":true,"href":"https:\/\/ofismavisehir.com\/en\/wp-json\/wp\/v2\/users\/2"}],"replies":[{"embeddable":true,"href":"https:\/\/ofismavisehir.com\/en\/wp-json\/wp\/v2\/comments?post=2080"}],"version-history":[{"count":108,"href":"https:\/\/ofismavisehir.com\/en\/wp-json\/wp\/v2\/pages\/2080\/revisions"}],"predecessor-version":[{"id":5600,"href":"https:\/\/ofismavisehir.com\/en\/wp-json\/wp\/v2\/pages\/2080\/revisions\/5600"}],"wp:attachment":[{"href":"https:\/\/ofismavisehir.com\/en\/wp-json\/wp\/v2\/media?parent=2080"}],"curies":[{"name":"wp","href":"https:\/\/api.w.org\/{rel}","templated":true}]}}