{"id":208,"date":"2019-02-17T16:11:42","date_gmt":"2019-02-17T13:11:42","guid":{"rendered":"http:\/\/ofismavisehir.com\/?page_id=208"},"modified":"2024-05-11T12:06:50","modified_gmt":"2024-05-11T09:06:50","slug":"anasayfa-2-2-2-2-2","status":"publish","type":"page","link":"https:\/\/ofismavisehir.com\/en\/","title":{"rendered":"Home"},"content":{"rendered":"<div id=\"pl-208\"  class=\"panel-layout\" ><div id=\"pg-208-0\"  class=\"panel-grid panel-has-style\" ><div class=\"siteorigin-panels-stretch panel-row-style panel-row-style-for-208-0\" data-stretch-type=\"full-width-stretch\" ><div id=\"pgc-208-0-0\"  class=\"panel-grid-cell\" ><div id=\"panel-208-0-0-0\" class=\"so-panel widget widget_sow-editor panel-first-child panel-last-child\" data-index=\"0\" ><div\n\t\t\t\n\t\t\tclass=\"so-widget-sow-editor so-widget-sow-editor-base\"\n\t\t\t\n\t\t>\n<div class=\"siteorigin-widget-tinymce textwidget\">\n\t<div style=\"display: none;\" class=\"crellyslider-slider crellyslider-slider-full-width crellyslider-slider-ing crellyslider-2\" id=\"crellyslider-2\">\n<ul>\n<li\nstyle=\"\nbackground-color: transparent;\nbackground-image: none;\nbackground-position: center center;\nbackground-repeat: no-repeat;\nbackground-size: cover;\n\n\"\ndata-in=\"slideLeft\"\ndata-ease-in=\"1000\"\ndata-out=\"slideRight\"\ndata-ease-out=\"1000\"\ndata-time=\"4000\"\n>\n<img\nclass=\"\"\nsrc=\"https:\/\/ofismavisehir.com\/wp-content\/uploads\/2019\/06\/ofis-mavi\u015fehir-sanal-haz\u0131r-kiralama-seminer-128999122-1600-x-600.jpg\"\nalt=\"\"\nstyle=\"\nz-index: 1;\n\n\"\ndata-delay=\"0\"\ndata-ease-in=\"300\"\ndata-ease-out=\"300\"\ndata-in=\"fade\"\ndata-out=\"fade\"\ndata-ignore-ease-out=\"0\"\ndata-top=\"0\"\ndata-left=\"0\"\ndata-time=\"all\"\n\/>\n<img\nclass=\"\"\nsrc=\"https:\/\/ofismavisehir.com\/wp-content\/uploads\/2019\/11\/ofis-mavi\u015fehir-prestigious-offices-adress.png\"\nalt=\"\"\nstyle=\"\nz-index: 1;\n\n\"\ndata-delay=\"0\"\ndata-ease-in=\"500\"\ndata-ease-out=\"500\"\ndata-in=\"fadeSmallDown\"\ndata-out=\"fadeSmallUp\"\ndata-ignore-ease-out=\"0\"\ndata-top=\"367\"\ndata-left=\"7\"\ndata-time=\"all\"\n\/>\n<\/li>\n<li\nstyle=\"\nbackground-color: transparent;\nbackground-image: none;\nbackground-position: center center;\nbackground-repeat: no-repeat;\nbackground-size: cover;\n\n\"\ndata-in=\"slideLeft\"\ndata-ease-in=\"1000\"\ndata-out=\"fadeRight\"\ndata-ease-out=\"1000\"\ndata-time=\"4000\"\n>\n<img\nclass=\"\"\nsrc=\"https:\/\/ofismavisehir.com\/wp-content\/uploads\/2019\/06\/ofis-mavi\u015fehir-sanal-haz\u0131r-kiralama-11212-2-1600-x-600.jpg\"\nalt=\"\"\nstyle=\"\nz-index: 1;\n\n\"\ndata-delay=\"0\"\ndata-ease-in=\"300\"\ndata-ease-out=\"300\"\ndata-in=\"fade\"\ndata-out=\"fade\"\ndata-ignore-ease-out=\"0\"\ndata-top=\"0\"\ndata-left=\"0\"\ndata-time=\"all\"\n\/>\n<img\nclass=\"\"\nsrc=\"https:\/\/ofismavisehir.com\/wp-content\/uploads\/2019\/11\/ofis-mavi\u015fehir-meeting-rooms-izmir.png\"\nalt=\"\"\nstyle=\"\nz-index: 1;\n\n\"\ndata-delay=\"0\"\ndata-ease-in=\"500\"\ndata-ease-out=\"500\"\ndata-in=\"fadeSmallUp\"\ndata-out=\"fadeSmallDown\"\ndata-ignore-ease-out=\"0\"\ndata-top=\"13\"\ndata-left=\"24\"\ndata-time=\"all\"\n\/>\n<\/li>\n<\/ul>\n<\/div>\n<script type=\"text\/javascript\">\n(function($) {\n$(document).ready(function() {\n$(\"#crellyslider-2\").crellySlider({\nlayout: 'full-width',\nresponsive: 1,\nstartWidth: 1600,\nstartHeight: 600,\nautomaticSlide: 1,\nshowControls: 1,\nshowNavigation: 1,\nenableSwipe: 0,\nshowProgressBar: 0,\npauseOnHover: 0,\nrandomOrder: 0,\nstartFromSlide: 0,\nbeforeStart : function() {},\nbeforeSetResponsive : function() {},\nbeforeSlideStart : function() {},\nbeforePause\t: function() {},\nbeforeResume : function() {},\n});\n});\n})(jQuery);\n<\/script>\n\n<\/div>\n<\/div><\/div><\/div><\/div><\/div><div id=\"pg-208-1\"  class=\"panel-grid panel-has-style\" ><div class=\"siteorigin-panels-stretch panel-row-style panel-row-style-for-208-1\" data-stretch-type=\"full-width-stretch\" ><div id=\"pgc-208-1-0\"  class=\"panel-grid-cell\" ><div id=\"panel-208-1-0-0\" class=\"so-panel widget widget_sow-editor panel-first-child panel-last-child\" data-index=\"1\" ><div\n\t\t\t\n\t\t\tclass=\"so-widget-sow-editor so-widget-sow-editor-base\"\n\t\t\t\n\t\t>\n<div class=\"siteorigin-widget-tinymce textwidget\">\n\t<h1><\/h1>\n<h1 style=\"text-align: center;\"><span style=\"color: #000000;\"><strong>LOWER YOUR EXPENSES WITH ADVANTAGEOUS PACKAGES<\/strong><\/span><\/h1>\n<\/div>\n<\/div><\/div><\/div><\/div><\/div><div id=\"pg-208-2\"  class=\"panel-grid panel-has-style\" ><div class=\"siteorigin-panels-stretch panel-row-style panel-row-style-for-208-2\" data-stretch-type=\"full-width-stretch\" ><div id=\"pgc-208-2-0\"  class=\"panel-grid-cell panel-grid-cell-empty\" ><\/div><div id=\"pgc-208-2-1\"  class=\"panel-grid-cell\" ><div id=\"panel-208-2-1-0\" class=\"so-panel widget widget_sow-editor panel-first-child panel-last-child\" data-index=\"2\" ><div\n\t\t\t\n\t\t\tclass=\"so-widget-sow-editor so-widget-sow-editor-base\"\n\t\t\t\n\t\t>\n<div class=\"siteorigin-widget-tinymce textwidget\">\n\t<p><img loading=\"lazy\" decoding=\"async\" class=\"size-full wp-image-3857 aligncenter\" src=\"https:\/\/ofismavisehir.com\/wp-content\/uploads\/2019\/09\/ofis-mavi\u015fehir-sanal-haz\u0131r-kiral\u0131k-125-469-x-312-351-x-2343333.jpg\" alt=\"\" width=\"351\" height=\"234\" srcset=\"https:\/\/ofismavisehir.com\/wp-content\/uploads\/2019\/09\/ofis-mavi\u015fehir-sanal-haz\u0131r-kiral\u0131k-125-469-x-312-351-x-2343333.jpg 351w, https:\/\/ofismavisehir.com\/wp-content\/uploads\/2019\/09\/ofis-mavi\u015fehir-sanal-haz\u0131r-kiral\u0131k-125-469-x-312-351-x-2343333-300x200.jpg 300w, https:\/\/ofismavisehir.com\/wp-content\/uploads\/2019\/09\/ofis-mavi\u015fehir-sanal-haz\u0131r-kiral\u0131k-125-469-x-312-351-x-2343333-272x182.jpg 272w\" sizes=\"auto, (max-width: 351px) 100vw, 351px\" \/><\/p>\n<h3 style=\"text-align: center;\"><span style=\"color: #000000;\"><strong>\u00a0VIRTUAL OFFICES<\/strong><\/span><\/h3>\n<div dir=\"auto\" style=\"text-align: center;\"><span style=\"color: #000000;\">With Ofis Mavi\u015fehir's advantageous packages you will have low expenses and an institutive profile in a prestigious address.<\/span><\/div>\n<\/div>\n<\/div><\/div><\/div><div id=\"pgc-208-2-2\"  class=\"panel-grid-cell panel-grid-cell-empty\" ><\/div><div id=\"pgc-208-2-3\"  class=\"panel-grid-cell\" ><div id=\"panel-208-2-3-0\" class=\"so-panel widget widget_sow-editor panel-first-child panel-last-child\" data-index=\"3\" ><div\n\t\t\t\n\t\t\tclass=\"so-widget-sow-editor so-widget-sow-editor-base\"\n\t\t\t\n\t\t>\n<div class=\"siteorigin-widget-tinymce textwidget\">\n\t<p><img loading=\"lazy\" decoding=\"async\" class=\"aligncenter wp-image-3855\" src=\"https:\/\/ofismavisehir.com\/wp-content\/uploads\/2019\/09\/ofis-mavi\u015fehir-kiral\u0131k-sanal-haz\u0131r-izmir-kar\u015f\u0131yaka-5-20-1024x683-512-x-341-384-x-2553333-288-x-19122222.jpg\" alt=\"\" width=\"353\" height=\"234\" \/><\/p>\n<h3 style=\"text-align: center;\"><span style=\"color: #000000;\"><strong>CO-WORKING<\/strong><\/span><\/h3>\n<p style=\"text-align: center;\"><span style=\"color: #000000;\">You don't need an entire office. You can rent the table and the chair you need, weekly, monthly, hourly. Benefit from all the services.<\/span><\/p>\n<\/div>\n<\/div><\/div><\/div><div id=\"pgc-208-2-4\"  class=\"panel-grid-cell panel-grid-cell-empty\" ><\/div><div id=\"pgc-208-2-5\"  class=\"panel-grid-cell panel-grid-cell-mobile-last\" ><div id=\"panel-208-2-5-0\" class=\"so-panel widget widget_sow-editor panel-first-child panel-last-child\" data-index=\"4\" ><div\n\t\t\t\n\t\t\tclass=\"so-widget-sow-editor so-widget-sow-editor-base\"\n\t\t\t\n\t\t>\n<div class=\"siteorigin-widget-tinymce textwidget\">\n\t<p><img loading=\"lazy\" decoding=\"async\" class=\"size-full wp-image-3858 aligncenter\" src=\"https:\/\/ofismavisehir.com\/wp-content\/uploads\/2019\/09\/ofis-mavi\u015fehir-sanal-haz\u0131r-kiral\u0131k-150-469-x-312-351-x-23444444.jpg\" alt=\"\" width=\"351\" height=\"234\" srcset=\"https:\/\/ofismavisehir.com\/wp-content\/uploads\/2019\/09\/ofis-mavi\u015fehir-sanal-haz\u0131r-kiral\u0131k-150-469-x-312-351-x-23444444.jpg 351w, https:\/\/ofismavisehir.com\/wp-content\/uploads\/2019\/09\/ofis-mavi\u015fehir-sanal-haz\u0131r-kiral\u0131k-150-469-x-312-351-x-23444444-300x200.jpg 300w, https:\/\/ofismavisehir.com\/wp-content\/uploads\/2019\/09\/ofis-mavi\u015fehir-sanal-haz\u0131r-kiral\u0131k-150-469-x-312-351-x-23444444-272x182.jpg 272w\" sizes=\"auto, (max-width: 351px) 100vw, 351px\" \/><\/p>\n<h3 style=\"text-align: center;\"><span style=\"color: #000000;\"><strong>INSTANT OFFICES<\/strong><\/span><\/h3>\n<p style=\"text-align: center;\"><span style=\"color: #000000;\">With our instant offices you won't struggle with starting fees and daily expenses. You can just focus and work in a comfortable area.<\/span><\/p>\n<\/div>\n<\/div><\/div><\/div><div id=\"pgc-208-2-6\"  class=\"panel-grid-cell panel-grid-cell-empty\" ><\/div><\/div><\/div><div id=\"pg-208-3\"  class=\"panel-grid panel-has-style\" ><div class=\"siteorigin-panels-stretch panel-row-style panel-row-style-for-208-3\" data-stretch-type=\"full-width-stretch\" ><div id=\"pgc-208-3-0\"  class=\"panel-grid-cell\" ><div id=\"panel-208-3-0-0\" class=\"so-panel widget widget_sow-editor panel-first-child panel-last-child\" data-index=\"5\" ><div\n\t\t\t\n\t\t\tclass=\"so-widget-sow-editor so-widget-sow-editor-base\"\n\t\t\t\n\t\t>\n<div class=\"siteorigin-widget-tinymce textwidget\">\n\t<h1><\/h1>\n<h2 style=\"text-align: center;\"><span style=\"color: #0000ff;\"><strong>OFFICES and MEETING ROOMS<\/strong><\/span><\/h2>\n<\/div>\n<\/div><\/div><\/div><\/div><\/div><div id=\"pg-208-4\"  class=\"panel-grid panel-has-style\" ><div class=\"siteorigin-panels-stretch panel-row-style panel-row-style-for-208-4\" data-stretch-type=\"full-width-stretch\" ><div id=\"pgc-208-4-0\"  class=\"panel-grid-cell panel-grid-cell-empty\" ><\/div><div id=\"pgc-208-4-1\"  class=\"panel-grid-cell panel-grid-cell-mobile-last\" ><div id=\"panel-208-4-1-0\" class=\"so-panel widget widget_sow-editor panel-first-child panel-last-child\" data-index=\"6\" ><div\n\t\t\t\n\t\t\tclass=\"so-widget-sow-editor so-widget-sow-editor-base\"\n\t\t\t\n\t\t>\n<div class=\"siteorigin-widget-tinymce textwidget\">\n\t<\/div>\n<\/div><\/div><\/div><div id=\"pgc-208-4-2\"  class=\"panel-grid-cell panel-grid-cell-empty\" ><\/div><\/div><\/div><div id=\"pg-208-5\"  class=\"panel-grid panel-has-style\" ><div class=\"siteorigin-panels-stretch panel-row-style panel-row-style-for-208-5\" data-stretch-type=\"full-width-stretch\" ><div id=\"pgc-208-5-0\"  class=\"panel-grid-cell panel-grid-cell-empty\" ><\/div><div id=\"pgc-208-5-1\"  class=\"panel-grid-cell\" ><div id=\"panel-208-5-1-0\" class=\"so-panel widget widget_sow-editor panel-first-child panel-last-child\" data-index=\"7\" ><div\n\t\t\t\n\t\t\tclass=\"so-widget-sow-editor so-widget-sow-editor-base\"\n\t\t\t\n\t\t>\n<div class=\"siteorigin-widget-tinymce textwidget\">\n\t<h3 style=\"text-align: center;\"><span style=\"color: #000000;\"><strong>NEW GENERATION OFFICE SOLUTIONS <\/strong><\/span><\/h3>\n<h3 style=\"text-align: center;\"><span style=\"color: #000000;\"><strong>OF\u0130S MAV\u0130\u015eEH\u0130R<\/strong><\/span><\/h3>\n<p style=\"text-align: center;\">[su_youtube url=\"https:\/\/www.youtube.com\/watch?v=BnoYIc6vghc\" width=\"400\" height=\"500\"]<\/p>\n<\/div>\n<\/div><\/div><\/div><div id=\"pgc-208-5-2\"  class=\"panel-grid-cell panel-grid-cell-mobile-last\" ><div id=\"panel-208-5-2-0\" class=\"so-panel widget widget_sow-editor panel-first-child panel-last-child\" data-index=\"8\" ><div\n\t\t\t\n\t\t\tclass=\"so-widget-sow-editor so-widget-sow-editor-base\"\n\t\t\t\n\t\t>\n<div class=\"siteorigin-widget-tinymce textwidget\">\n\t<h3 style=\"text-align: center;\"><span style=\"color: #000000;\"><strong>THE PERFECT LOCATION \u0130ZM\u0130R KAR\u015eIYAKA<\/strong><\/span><\/h3>\n<p><img loading=\"lazy\" decoding=\"async\" class=\"aligncenter wp-image-3856\" src=\"https:\/\/ofismavisehir.com\/wp-content\/uploads\/2019\/09\/ofis-mavi\u015fehir-sanal-haz\u0131r-kiralama-izmir-122541111111.jpg\" alt=\"\" width=\"400\" height=\"296\" srcset=\"https:\/\/ofismavisehir.com\/wp-content\/uploads\/2019\/09\/ofis-mavi\u015fehir-sanal-haz\u0131r-kiralama-izmir-122541111111.jpg 341w, https:\/\/ofismavisehir.com\/wp-content\/uploads\/2019\/09\/ofis-mavi\u015fehir-sanal-haz\u0131r-kiralama-izmir-122541111111-300x222.jpg 300w\" sizes=\"auto, (max-width: 400px) 100vw, 400px\" \/><\/p>\n<\/div>\n<\/div><\/div><\/div><div id=\"pgc-208-5-3\"  class=\"panel-grid-cell panel-grid-cell-empty\" ><\/div><\/div><\/div><\/div>","protected":false},"excerpt":{"rendered":"<p>LOWER YOUR EXPENSES WITH ADVANTAGEOUS PACKAGES<\/p>\n","protected":false},"author":1,"featured_media":0,"parent":0,"menu_order":0,"comment_status":"closed","ping_status":"closed","template":"pages\/compact.php","meta":{"footnotes":""},"class_list":["post-208","page","type-page","status-publish","hentry"],"_links":{"self":[{"href":"https:\/\/ofismavisehir.com\/en\/wp-json\/wp\/v2\/pages\/208","targetHints":{"allow":["GET"]}}],"collection":[{"href":"https:\/\/ofismavisehir.com\/en\/wp-json\/wp\/v2\/pages"}],"about":[{"href":"https:\/\/ofismavisehir.com\/en\/wp-json\/wp\/v2\/types\/page"}],"author":[{"embeddable":true,"href":"https:\/\/ofismavisehir.com\/en\/wp-json\/wp\/v2\/users\/1"}],"replies":[{"embeddable":true,"href":"https:\/\/ofismavisehir.com\/en\/wp-json\/wp\/v2\/comments?post=208"}],"version-history":[{"count":486,"href":"https:\/\/ofismavisehir.com\/en\/wp-json\/wp\/v2\/pages\/208\/revisions"}],"predecessor-version":[{"id":549,"href":"https:\/\/ofismavisehir.com\/en\/wp-json\/wp\/v2\/pages\/208\/revisions\/549"}],"wp:attachment":[{"href":"https:\/\/ofismavisehir.com\/en\/wp-json\/wp\/v2\/media?parent=208"}],"curies":[{"name":"wp","href":"https:\/\/api.w.org\/{rel}","templated":true}]}}