{"id":2076,"date":"2019-09-07T17:45:16","date_gmt":"2019-09-07T14:45:16","guid":{"rendered":"https:\/\/ofismavisehir.com\/?page_id=2076"},"modified":"2020-01-08T15:37:32","modified_gmt":"2020-01-08T12:37:32","slug":"coworking-nedir","status":"publish","type":"page","link":"https:\/\/ofismavisehir.com\/en\/coworking-nedir\/","title":{"rendered":"Coworking Nedir?"},"content":{"rendered":"<div id=\"pl-2076\"  class=\"panel-layout\" ><div id=\"pg-2076-0\"  class=\"panel-grid panel-has-style\" ><div class=\"siteorigin-panels-stretch panel-row-style panel-row-style-for-2076-0\" data-stretch-type=\"full-stretched\" ><div id=\"pgc-2076-0-0\"  class=\"panel-grid-cell\" ><div id=\"panel-2076-0-0-0\" class=\"so-panel widget widget_sow-editor panel-first-child panel-last-child\" data-index=\"0\" ><div\n\t\t\t\n\t\t\tclass=\"so-widget-sow-editor so-widget-sow-editor-base\"\n\t\t\t\n\t\t>\n<div class=\"siteorigin-widget-tinymce textwidget\">\n\t<h1 style=\"text-align: center;\"><span style=\"color: #ffffff;\">What is Coworking?<\/span><\/h1>\n<\/div>\n<\/div><\/div><\/div><\/div><\/div><div id=\"pg-2076-1\"  class=\"panel-grid panel-has-style\" ><div class=\"siteorigin-panels-stretch panel-row-style panel-row-style-for-2076-1\" data-stretch-type=\"full-stretched\" ><div id=\"pgc-2076-1-0\"  class=\"panel-grid-cell\" ><div id=\"panel-2076-1-0-0\" class=\"so-panel widget widget_sow-editor panel-first-child panel-last-child\" data-index=\"1\" ><div\n\t\t\t\n\t\t\tclass=\"so-widget-sow-editor so-widget-sow-editor-base\"\n\t\t\t\n\t\t>\n<div class=\"siteorigin-widget-tinymce textwidget\">\n\t<p><img loading=\"lazy\" decoding=\"async\" class=\"wp-image-2538 alignright\" src=\"https:\/\/ofismavisehir.com\/wp-content\/uploads\/2019\/09\/ofis-mavi\u015fehir-kiral\u0131k-sanal-haz\u0131r-izmir-kar\u015f\u0131yaka-5-37.jpg\" alt=\"\" width=\"500\" height=\"362\" \/><\/p>\n<\/div>\n<\/div><\/div><\/div><div id=\"pgc-2076-1-1\"  class=\"panel-grid-cell\" ><div id=\"panel-2076-1-1-0\" class=\"so-panel widget widget_sow-editor panel-first-child panel-last-child\" data-index=\"2\" ><div\n\t\t\t\n\t\t\tclass=\"so-widget-sow-editor so-widget-sow-editor-base\"\n\t\t\t\n\t\t>\n<div class=\"siteorigin-widget-tinymce textwidget\">\n\t<\/div>\n<\/div><\/div><\/div><\/div><\/div><\/div>","protected":false},"excerpt":{"rendered":"<p>What is Coworking?<\/p>\n","protected":false},"author":2,"featured_media":0,"parent":0,"menu_order":0,"comment_status":"closed","ping_status":"closed","template":"pages\/compact.php","meta":{"footnotes":""},"class_list":["post-2076","page","type-page","status-publish","hentry"],"_links":{"self":[{"href":"https:\/\/ofismavisehir.com\/en\/wp-json\/wp\/v2\/pages\/2076","targetHints":{"allow":["GET"]}}],"collection":[{"href":"https:\/\/ofismavisehir.com\/en\/wp-json\/wp\/v2\/pages"}],"about":[{"href":"https:\/\/ofismavisehir.com\/en\/wp-json\/wp\/v2\/types\/page"}],"author":[{"embeddable":true,"href":"https:\/\/ofismavisehir.com\/en\/wp-json\/wp\/v2\/users\/2"}],"replies":[{"embeddable":true,"href":"https:\/\/ofismavisehir.com\/en\/wp-json\/wp\/v2\/comments?post=2076"}],"version-history":[{"count":89,"href":"https:\/\/ofismavisehir.com\/en\/wp-json\/wp\/v2\/pages\/2076\/revisions"}],"predecessor-version":[{"id":2154,"href":"https:\/\/ofismavisehir.com\/en\/wp-json\/wp\/v2\/pages\/2076\/revisions\/2154"}],"wp:attachment":[{"href":"https:\/\/ofismavisehir.com\/en\/wp-json\/wp\/v2\/media?parent=2076"}],"curies":[{"name":"wp","href":"https:\/\/api.w.org\/{rel}","templated":true}]}}