{"id":2073,"date":"2019-09-07T17:43:00","date_gmt":"2019-09-07T14:43:00","guid":{"rendered":"https:\/\/ofismavisehir.com\/?page_id=2073"},"modified":"2020-08-18T17:00:25","modified_gmt":"2020-08-18T14:00:25","slug":"ortak-ofis-nedir","status":"publish","type":"page","link":"https:\/\/ofismavisehir.com\/en\/ortak-ofis-nedir\/","title":{"rendered":"Ortak Ofis Nedir?"},"content":{"rendered":"<div id=\"pl-2073\"  class=\"panel-layout\" ><div id=\"pg-2073-0\"  class=\"panel-grid panel-has-style\" ><div class=\"siteorigin-panels-stretch panel-row-style panel-row-style-for-2073-0\" data-stretch-type=\"full-stretched\" ><div id=\"pgc-2073-0-0\"  class=\"panel-grid-cell\" ><div id=\"panel-2073-0-0-0\" class=\"so-panel widget widget_sow-editor panel-first-child panel-last-child\" data-index=\"0\" ><div\n\t\t\t\n\t\t\tclass=\"so-widget-sow-editor so-widget-sow-editor-base\"\n\t\t\t\n\t\t>\n<div class=\"siteorigin-widget-tinymce textwidget\">\n\t<h1 style=\"text-align: center;\"><strong><span style=\"color: #ffffff;\">What is Flexible Office?<\/span><\/strong><\/h1>\n<\/div>\n<\/div><\/div><\/div><\/div><\/div><div id=\"pg-2073-1\"  class=\"panel-grid panel-has-style\" ><div class=\"siteorigin-panels-stretch panel-row-style panel-row-style-for-2073-1\" data-stretch-type=\"full-stretched\" ><div id=\"pgc-2073-1-0\"  class=\"panel-grid-cell\" ><div id=\"panel-2073-1-0-0\" class=\"so-panel widget widget_sow-editor panel-first-child panel-last-child\" data-index=\"1\" ><div\n\t\t\t\n\t\t\tclass=\"so-widget-sow-editor so-widget-sow-editor-base\"\n\t\t\t\n\t\t>\n<div class=\"siteorigin-widget-tinymce textwidget\">\n\t<p><img loading=\"lazy\" decoding=\"async\" class=\"wp-image-3118 alignright\" src=\"https:\/\/ofismavisehir.com\/wp-content\/uploads\/2019\/09\/ofis-mavi\u015fehir-sanal-haz\u0131r-kiral\u0131k-169.jpg\" alt=\"\" width=\"500\" height=\"333\" srcset=\"https:\/\/ofismavisehir.com\/wp-content\/uploads\/2019\/09\/ofis-mavi\u015fehir-sanal-haz\u0131r-kiral\u0131k-169.jpg 626w, https:\/\/ofismavisehir.com\/wp-content\/uploads\/2019\/09\/ofis-mavi\u015fehir-sanal-haz\u0131r-kiral\u0131k-169-300x200.jpg 300w, https:\/\/ofismavisehir.com\/wp-content\/uploads\/2019\/09\/ofis-mavi\u015fehir-sanal-haz\u0131r-kiral\u0131k-169-272x182.jpg 272w\" sizes=\"auto, (max-width: 500px) 100vw, 500px\" \/><\/p>\n<\/div>\n<\/div><\/div><\/div><div id=\"pgc-2073-1-1\"  class=\"panel-grid-cell\" ><div id=\"panel-2073-1-1-0\" class=\"so-panel widget widget_sow-editor panel-first-child panel-last-child\" data-index=\"2\" ><div\n\t\t\t\n\t\t\tclass=\"so-widget-sow-editor so-widget-sow-editor-base\"\n\t\t\t\n\t\t>\n<div class=\"siteorigin-widget-tinymce textwidget\">\n\t<\/div>\n<\/div><\/div><\/div><\/div><\/div><div id=\"pg-2073-2\"  class=\"panel-grid panel-has-style\" ><div class=\"siteorigin-panels-stretch panel-row-style panel-row-style-for-2073-2\" data-stretch-type=\"full-stretched\" ><div id=\"pgc-2073-2-0\"  class=\"panel-grid-cell\" ><div id=\"panel-2073-2-0-0\" class=\"so-panel widget widget_sow-editor panel-first-child panel-last-child\" data-index=\"3\" ><div\n\t\t\t\n\t\t\tclass=\"so-widget-sow-editor so-widget-sow-editor-base\"\n\t\t\t\n\t\t>\n<div class=\"siteorigin-widget-tinymce textwidget\">\n\t<p><img loading=\"lazy\" decoding=\"async\" class=\"alignright wp-image-2570\" src=\"https:\/\/ofismavisehir.com\/wp-content\/uploads\/2019\/09\/ofis-mavi\u015fehir-kiral\u0131k-sanal-haz\u0131r-izmir-kar\u015f\u0131yaka-5-22.jpg\" alt=\"\" width=\"500\" height=\"331\" \/><\/p>\n<\/div>\n<\/div><\/div><\/div><div id=\"pgc-2073-2-1\"  class=\"panel-grid-cell\" ><div id=\"panel-2073-2-1-0\" class=\"so-panel widget widget_sow-editor panel-first-child panel-last-child\" data-index=\"4\" ><div\n\t\t\t\n\t\t\tclass=\"so-widget-sow-editor so-widget-sow-editor-base\"\n\t\t\t\n\t\t>\n<div class=\"siteorigin-widget-tinymce textwidget\">\n\t<p>&nbsp;<\/p>\n<p>&nbsp;<\/p>\n<\/div>\n<\/div><\/div><\/div><\/div><\/div><\/div>","protected":false},"excerpt":{"rendered":"<p>What is Flexible Office?<\/p>\n","protected":false},"author":2,"featured_media":0,"parent":0,"menu_order":0,"comment_status":"closed","ping_status":"closed","template":"pages\/compact.php","meta":{"footnotes":""},"class_list":["post-2073","page","type-page","status-publish","hentry"],"_links":{"self":[{"href":"https:\/\/ofismavisehir.com\/en\/wp-json\/wp\/v2\/pages\/2073","targetHints":{"allow":["GET"]}}],"collection":[{"href":"https:\/\/ofismavisehir.com\/en\/wp-json\/wp\/v2\/pages"}],"about":[{"href":"https:\/\/ofismavisehir.com\/en\/wp-json\/wp\/v2\/types\/page"}],"author":[{"embeddable":true,"href":"https:\/\/ofismavisehir.com\/en\/wp-json\/wp\/v2\/users\/2"}],"replies":[{"embeddable":true,"href":"https:\/\/ofismavisehir.com\/en\/wp-json\/wp\/v2\/comments?post=2073"}],"version-history":[{"count":89,"href":"https:\/\/ofismavisehir.com\/en\/wp-json\/wp\/v2\/pages\/2073\/revisions"}],"predecessor-version":[{"id":5667,"href":"https:\/\/ofismavisehir.com\/en\/wp-json\/wp\/v2\/pages\/2073\/revisions\/5667"}],"wp:attachment":[{"href":"https:\/\/ofismavisehir.com\/en\/wp-json\/wp\/v2\/media?parent=2073"}],"curies":[{"name":"wp","href":"https:\/\/api.w.org\/{rel}","templated":true}]}}