{"id":2060,"date":"2019-09-07T17:33:35","date_gmt":"2019-09-07T14:33:35","guid":{"rendered":"https:\/\/ofismavisehir.com\/?page_id=2060"},"modified":"2020-10-05T11:01:29","modified_gmt":"2020-10-05T08:01:29","slug":"hazir-ofis-nedir","status":"publish","type":"page","link":"https:\/\/ofismavisehir.com\/en\/hazir-ofis-nedir\/","title":{"rendered":"Haz\u0131r Ofis Nedir?"},"content":{"rendered":"<div id=\"pl-2060\"  class=\"panel-layout\" ><div id=\"pg-2060-0\"  class=\"panel-grid panel-has-style\" ><div class=\"siteorigin-panels-stretch panel-row-style panel-row-style-for-2060-0\" data-stretch-type=\"full-stretched\" ><div id=\"pgc-2060-0-0\"  class=\"panel-grid-cell\" ><div id=\"panel-2060-0-0-0\" class=\"so-panel widget widget_sow-editor panel-first-child panel-last-child\" data-index=\"0\" ><div\n\t\t\t\n\t\t\tclass=\"so-widget-sow-editor so-widget-sow-editor-base\"\n\t\t\t\n\t\t>\n<div class=\"siteorigin-widget-tinymce textwidget\">\n\t<h2 style=\"text-align: center;\"><span style=\"color: #ffffff;\"><strong><span style=\"color: #ffffff;\">What is Instant Office?<\/span><\/strong><\/span><\/h2>\n<\/div>\n<\/div><\/div><\/div><\/div><\/div><div id=\"pg-2060-1\"  class=\"panel-grid panel-has-style\" ><div class=\"siteorigin-panels-stretch panel-row-style panel-row-style-for-2060-1\" data-stretch-type=\"full-stretched\" ><div id=\"pgc-2060-1-0\"  class=\"panel-grid-cell\" ><div id=\"panel-2060-1-0-0\" class=\"so-panel widget widget_sow-editor panel-first-child panel-last-child\" data-index=\"1\" ><div\n\t\t\t\n\t\t\tclass=\"so-widget-sow-editor so-widget-sow-editor-base\"\n\t\t\t\n\t\t>\n<div class=\"siteorigin-widget-tinymce textwidget\">\n\t<p><img loading=\"lazy\" decoding=\"async\" class=\"wp-image-3216 alignright\" src=\"https:\/\/ofismavisehir.com\/wp-content\/uploads\/2019\/09\/ofis-mavi\u015fehir-sanal-haz\u0131r-kiral\u0131k-84-e1570792555506.jpg\" alt=\"\" width=\"500\" height=\"334\" \/><\/p>\n<\/div>\n<\/div><\/div><\/div><div id=\"pgc-2060-1-1\"  class=\"panel-grid-cell\" ><div id=\"panel-2060-1-1-0\" class=\"so-panel widget widget_sow-editor panel-first-child panel-last-child\" data-index=\"2\" ><div\n\t\t\t\n\t\t\tclass=\"so-widget-sow-editor so-widget-sow-editor-base\"\n\t\t\t\n\t\t>\n<div class=\"siteorigin-widget-tinymce textwidget\">\n\t<p><span style=\"color: #000000;\">Do you want an office in a central location, in Mavisehir and a place which won't cost too much? Are you skeptical about moving to another office because of additional expenses? Then our instant offices are a perfect fit for you. All you need to do is get your laptop, and you are ready to work.<\/span><\/p>\n<p><span style=\"color: #000000;\"><u>So what services do we offer?<\/u><\/span><\/p>\n<p><span style=\"color: #000000;\">A prestigious address for your company,<\/span><span style=\"color: #000000;\">Operational Support,<\/span><span style=\"color: #000000;\">Phone line which is starting with (232) or (850) for your company.<\/span><span style=\"color: #000000;\">Hot drinks, <\/span><span style=\"color: #000000;\">Secure, high speed WIFI, <\/span><span style=\"color: #000000;\">Printer, scanner and copiers,<\/span><span style=\"color: #000000;\">Electricity, heat-cooling, furnitures and decorations,<\/span><span style=\"color: #000000;\">Usage of meeting rooms, <\/span><span style=\"color: #000000;\">Consulting services for KOSGEB, financial advisor, etc. <\/span><\/p>\n<p><span style=\"color: #000000;\">AND THERE IS NO NEED TO PAY FOR STOPPAGE<\/span><\/p>\n<\/div>\n<\/div><\/div><\/div><\/div><\/div><div id=\"pg-2060-2\"  class=\"panel-grid panel-has-style\" ><div class=\"siteorigin-panels-stretch panel-row-style panel-row-style-for-2060-2\" data-stretch-type=\"full-stretched\" ><div id=\"pgc-2060-2-0\"  class=\"panel-grid-cell\" ><div id=\"panel-2060-2-0-0\" class=\"so-panel widget widget_sow-editor panel-first-child panel-last-child\" data-index=\"3\" ><div\n\t\t\t\n\t\t\tclass=\"so-widget-sow-editor so-widget-sow-editor-base\"\n\t\t\t\n\t\t>\n<div class=\"siteorigin-widget-tinymce textwidget\">\n\t<p><img loading=\"lazy\" decoding=\"async\" class=\"wp-image-3215 alignright\" src=\"https:\/\/ofismavisehir.com\/wp-content\/uploads\/2019\/09\/ofis-mavi\u015fehir-sanal-haz\u0131r-kiral\u0131k-72.jpg\" alt=\"\" width=\"500\" height=\"341\" srcset=\"https:\/\/ofismavisehir.com\/wp-content\/uploads\/2019\/09\/ofis-mavi\u015fehir-sanal-haz\u0131r-kiral\u0131k-72.jpg 626w, https:\/\/ofismavisehir.com\/wp-content\/uploads\/2019\/09\/ofis-mavi\u015fehir-sanal-haz\u0131r-kiral\u0131k-72-300x205.jpg 300w\" sizes=\"auto, (max-width: 500px) 100vw, 500px\" \/><\/p>\n<\/div>\n<\/div><\/div><\/div><div id=\"pgc-2060-2-1\"  class=\"panel-grid-cell\" ><div id=\"panel-2060-2-1-0\" class=\"so-panel widget widget_sow-editor panel-first-child panel-last-child\" data-index=\"4\" ><div\n\t\t\t\n\t\t\tclass=\"so-widget-sow-editor so-widget-sow-editor-base\"\n\t\t\t\n\t\t>\n<div class=\"siteorigin-widget-tinymce textwidget\">\n\t<p><img loading=\"lazy\" decoding=\"async\" class=\"alignleft wp-image-3557\" src=\"https:\/\/ofismavisehir.com\/wp-content\/uploads\/2019\/09\/ofis-mavi\u015fehir-sanal-haz\u0131r-kiral\u0131k-179.jpg\" alt=\"\" width=\"500\" height=\"333\" srcset=\"https:\/\/ofismavisehir.com\/wp-content\/uploads\/2019\/09\/ofis-mavi\u015fehir-sanal-haz\u0131r-kiral\u0131k-179.jpg 626w, https:\/\/ofismavisehir.com\/wp-content\/uploads\/2019\/09\/ofis-mavi\u015fehir-sanal-haz\u0131r-kiral\u0131k-179-300x200.jpg 300w, https:\/\/ofismavisehir.com\/wp-content\/uploads\/2019\/09\/ofis-mavi\u015fehir-sanal-haz\u0131r-kiral\u0131k-179-272x182.jpg 272w\" sizes=\"auto, (max-width: 500px) 100vw, 500px\" \/><\/p>\n<\/div>\n<\/div><\/div><\/div><\/div><\/div><\/div>","protected":false},"excerpt":{"rendered":"<p>What is Instant Office? Do you want an office in a central location, in Mavisehir and a place which won&#8217;t cost too much? Are you skeptical about moving to another office because of additional expenses? Then our instant offices are a perfect fit for you. All you need to do is get your laptop, and&hellip; <br \/> <a class=\"read-more\" href=\"https:\/\/ofismavisehir.com\/en\/hazir-ofis-nedir\/\">Read more<\/a><\/p>\n","protected":false},"author":2,"featured_media":0,"parent":0,"menu_order":0,"comment_status":"closed","ping_status":"closed","template":"pages\/compact.php","meta":{"footnotes":""},"class_list":["post-2060","page","type-page","status-publish","hentry"],"_links":{"self":[{"href":"https:\/\/ofismavisehir.com\/en\/wp-json\/wp\/v2\/pages\/2060","targetHints":{"allow":["GET"]}}],"collection":[{"href":"https:\/\/ofismavisehir.com\/en\/wp-json\/wp\/v2\/pages"}],"about":[{"href":"https:\/\/ofismavisehir.com\/en\/wp-json\/wp\/v2\/types\/page"}],"author":[{"embeddable":true,"href":"https:\/\/ofismavisehir.com\/en\/wp-json\/wp\/v2\/users\/2"}],"replies":[{"embeddable":true,"href":"https:\/\/ofismavisehir.com\/en\/wp-json\/wp\/v2\/comments?post=2060"}],"version-history":[{"count":194,"href":"https:\/\/ofismavisehir.com\/en\/wp-json\/wp\/v2\/pages\/2060\/revisions"}],"predecessor-version":[{"id":5680,"href":"https:\/\/ofismavisehir.com\/en\/wp-json\/wp\/v2\/pages\/2060\/revisions\/5680"}],"wp:attachment":[{"href":"https:\/\/ofismavisehir.com\/en\/wp-json\/wp\/v2\/media?parent=2060"}],"curies":[{"name":"wp","href":"https:\/\/api.w.org\/{rel}","templated":true}]}}